{"id":739,"date":"2025-10-27T22:42:22","date_gmt":"2025-10-27T22:42:22","guid":{"rendered":"https:\/\/marcusdickey.com\/?page_id=739"},"modified":"2025-10-28T20:47:24","modified_gmt":"2025-10-28T20:47:24","slug":"internacional","status":"publish","type":"page","link":"https:\/\/marcusdickey.com\/?page_id=739","title":{"rendered":"Internacional"},"content":{"rendered":"<div class=\"wpb-content-wrapper\"><p>[vc_section section_custom_media_type=&#8221;image&#8221; section_background_image_size=&#8221;uk-background-cover&#8221; section_background_image_repeat=&#8221;uk-background-norepeat&#8221; section_background_image_position=&#8221;uk-background-top-center&#8221; section_background_image_effect=&#8221;parallax&#8221; section_bottom_shape_divider=&#8221;triangle_opacity_2&#8243; section_background_image=&#8221;743&#8243; section_bottom_shape_divider_color=&#8221;#ffffff&#8221; section_bottom_shape_divider_height=&#8221;380&#8243; section_background_image_parallax=&#8221;%7B%22parallax-options-x-start-range%22%3A%220%22%2C%22parallax-options-x-end-range%22%3A%220%22%2C%22parallax-options-y-start-range%22%3A%22-60%22%2C%22parallax-options-y-end-range%22%3A%22120%22%2C%22parallax-options-show-advance-settings%22%3A%22false%22%2C%22parallax-options-scale-start-range%22%3A%221%22%2C%22parallax-options-scale-end-range%22%3A%221%22%2C%22parallax-options-rotate-start-range%22%3A%220%22%2C%22parallax-options-rotate-end-range%22%3A%220%22%2C%22parallax-options-opacity-start-range%22%3A%221%22%2C%22parallax-options-opacity-end-range%22%3A%221%22%2C%22parallax-options-easing-range%22%3A%220%22%2C%22parallax-options-viewport-range%22%3A%220%22%2C%22parallax-options-enable-repeat%22%3A%22false%22%2C%22parallax-options-enable-z-index%22%3A%22false%22%2C%22parallax-options-breakpoint%22%3A%22%22%7D&#8221; dahz_id=&#8221;1761228466952-aa4b51b8-e9ae&#8221;][vc_row row_enable_full_height=&#8221;true&#8221; row_column_position=&#8221;uk-flex-middle&#8221; row_column_content_position=&#8221;uk-flex-middle&#8221; row_custom_media_type=&#8221;image&#8221; row_background_image_position=&#8221;uk-background-center-left&#8221; row_bottom_shape_divider=&#8221;&#8221; dahz_id=&#8221;1761228466957-ad6500e3-9611&#8243;][vc_column column_padding=&#8221;small&#8221; width=&#8221;7\/12&#8243;][\/vc_column][vc_column column_padding=&#8221;small&#8221; column_custom_media_type=&#8221;image&#8221; width=&#8221;5\/12&#8243;][vc_row_inner dahz_id=&#8221;1761228467036-22daac07-6e5e&#8221;][vc_column_inner column_translate_y=&#8221;5vw&#8221; el_class=&#8221;stamps&#8221;][\/vc_column_inner][\/vc_row_inner]<div data-uk-scrollspy=\"cls: uk-animation-slide-left-medium;\" data-dahz-shortcode-key=\"1523854222594-687f83cc-fa03\" style=\"\" class=\"de-shortcode__wrapper de-shortcode__wrapper--dahz_single_image uk-margin-uk-margin-remove\">\r\n\t<a class=\"de-single-image__wrapper uk-flex uk-flex-left\">\r\n\t<div>\r\n\t\t<img loading=\"lazy\" decoding=\"async\" width=\"50\" height=\"70\" src=\"https:\/\/marcusdickey.com\/wp-content\/uploads\/2018\/04\/vert-border.png\" class=\"   attachment-full\" alt=\"vert-border\" title=\"vert-border\" \/>\t<\/div>\r\n<\/a>\r\n<\/div>\r\n[vc_custom_heading text=&#8221;Conectando la Justicia en Todo el Mundo&#8221; font_container=&#8221;tag:h3|font_size:3.75vh|text_align:left|color:%23FFFFFF|line_height:1.25&#8243; use_theme_fonts=&#8221;yes&#8221; css_animation=&#8221;uk-animation-slide-right-medium&#8221; margin=&#8221;uk-margin-remove&#8221; dahz_id=&#8221;1761228467119-cff104e7-3e0b&#8221;][vc_column_text]<\/p>\n<p style=\"text-align: center;\"><span style=\"color: #cccccc;\">A medida que los negocios y las finanzas se vuelven m\u00e1s globales, las investigaciones financieras, los casos de fraude y las disputas internacionales requieren precisi\u00f3n jur\u00eddica y una coordinaci\u00f3n experta entre distintas jurisdicciones.<\/span><\/p>\n<p>[\/vc_column_text]<div data-uk-scrollspy=\"cls: uk-animation-slide-bottom-medium;\" data-dahz-shortcode-key=\"1523853395968-f1f97729-ea8f\" style=\"\" class=\"de-shortcode__wrapper de-shortcode__wrapper--dahz_single_image uk-margin\">\r\n\t<a class=\"de-single-image__wrapper uk-flex uk-flex-left\">\r\n\t<div>\r\n\t\t\t<\/div>\r\n<\/a>\r\n<\/div>\r\n[\/vc_column][\/vc_row][\/vc_section][vc_section section_bottom_shape_divider=&#8221;&#8221; dahz_id=&#8221;1524107315383-190110e4-c86e&#8221; css=&#8221;.vc_custom_1761605902342{background-color: #f2f2f2 !important;}&#8221;][vc_row row_column_gap=&#8221;uk-grid-collapse&#8221; row_column_enable_equal_height=&#8221;true&#8221; row_column_content_position=&#8221;uk-flex-middle&#8221; row_bottom_shape_divider=&#8221;&#8221; dahz_id=&#8221;1761605442166-d8b22cd5-c2f5&#8243; css=&#8221;.vc_custom_1524448284527{margin-top: 4% !important;}&#8221;][vc_column width=&#8221;1\/3&#8243; css_animation=&#8221;uk-animation-slide-left-small&#8221; css=&#8221;.vc_custom_1524754400666{padding-top: 25% !important;padding-right: 8% !important;padding-bottom: 25% !important;padding-left: 8% !important;background-color: #ffffff !important;}&#8221;][vc_column_text row_custom_media_type=&#8221;image&#8221; row_background_image_size=&#8221;uk-background-cover&#8221;]<\/p>\n<p style=\"text-align: left;\">Representaci\u00f3n de un operador de futuros eslovaco en un proceso judicial por presunta manipulaci\u00f3n de mercado, iniciado por la Comisi\u00f3n de Comercio de Futuros de Productos B\u00e1sicos de los Estados Unidos (CFTC) ante el tribunal federal de Chicago.<\/p>\n<p>&nbsp;<\/p>\n<p>&nbsp;[\/vc_column_text][\/vc_column][vc_column width=&#8221;2\/3&#8243; css_animation=&#8221;uk-animation-slide-right-small&#8221;]<div data-dahz-shortcode-key=\"1524041076144-2942590c-ba6e\" style=\"\" class=\"de-shortcode__wrapper de-shortcode__wrapper--dahz_single_image uk-margin-uk-margin\">\r\n\t<a class=\"de-single-image__wrapper uk-flex uk-flex-center\">\r\n\t<div>\r\n\t\t<img decoding=\"async\" class=\"   \" src=\"https:\/\/marcusdickey.com\/wp-content\/uploads\/2025\/10\/121-1000x560.png\" width=\"1000\" height=\"560\" alt=\"121\" title=\"121\" loading=\"lazy\" \/>\t<\/div>\r\n<\/a>\r\n<\/div>\r\n[\/vc_column][\/vc_row][vc_row row_column_gap=&#8221;uk-grid-collapse&#8221; row_column_enable_equal_height=&#8221;true&#8221; row_column_content_position=&#8221;uk-flex-middle&#8221; row_bottom_shape_divider=&#8221;&#8221; css=&#8221;.vc_custom_1524107521041{margin-top: 4% !important;margin-bottom: 4% !important;}&#8221; dahz_id=&#8221;1524041535076-a0bc8b50-5b61&#8243;][vc_column width=&#8221;2\/3&#8243; css_animation=&#8221;uk-animation-slide-left-small&#8221;]<div data-dahz-shortcode-key=\"1524041535595-10f4fadd-76bb\" style=\"\" class=\"de-shortcode__wrapper de-shortcode__wrapper--dahz_single_image uk-margin-uk-margin\">\r\n\t<a class=\"de-single-image__wrapper uk-flex uk-flex-center\">\r\n\t<div>\r\n\t\t<img decoding=\"async\" class=\"   \" src=\"https:\/\/marcusdickey.com\/wp-content\/uploads\/2025\/10\/222-1000x535.png\" width=\"1000\" height=\"535\" alt=\"222\" title=\"222\" loading=\"lazy\" \/>\t<\/div>\r\n<\/a>\r\n<\/div>\r\n[\/vc_column][vc_column width=&#8221;1\/3&#8243; css_animation=&#8221;uk-animation-slide-right-small&#8221; css=&#8221;.vc_custom_1524754408841{padding-top: 25% !important;padding-right: 8% !important;padding-bottom: 25% !important;padding-left: 8% !important;background-color: #ffffff !important;}&#8221;][vc_column_text]<\/p>\n<p style=\"text-align: left;\"><span dir=\"auto\">Obtener la absoluci\u00f3n de un ex alto ejecutivo de una empresa de pruebas s\u00edsmicas (despu\u00e9s de que la propia empresa hab\u00eda admitido haber actuado mal) tras una investigaci\u00f3n de la SFO sobre un presunto soborno a un funcionario p\u00fablico de Corea del Sur para asegurar contratos multimillonarios.<\/span><\/p>\n<p>&nbsp;[\/vc_column_text][\/vc_column][\/vc_row][vc_row row_column_gap=&#8221;uk-grid-collapse&#8221; row_column_enable_equal_height=&#8221;true&#8221; row_column_content_position=&#8221;uk-flex-middle&#8221; row_bottom_shape_divider=&#8221;&#8221; dahz_id=&#8221;1761607487342-a4e6efd2-c58e&#8221; css=&#8221;.vc_custom_1524448284527{margin-top: 4% !important;}&#8221;][vc_column width=&#8221;1\/3&#8243; css_animation=&#8221;uk-animation-slide-left-small&#8221; css=&#8221;.vc_custom_1524754400666{padding-top: 25% !important;padding-right: 8% !important;padding-bottom: 25% !important;padding-left: 8% !important;background-color: #ffffff !important;}&#8221;][vc_column_text row_custom_media_type=&#8221;image&#8221; row_background_image_size=&#8221;uk-background-cover&#8221;]<\/p>\n<p style=\"text-align: left;\"><span dir=\"auto\">Representando a un ejecutivo de telecomunicaciones con sede en Mosc\u00fa en relaci\u00f3n con una acusaci\u00f3n formal por FCPA y soborno extranjero presentada por el Departamento de Justicia de Estados Unidos en Manhattan.<\/span><\/p>\n<p>[\/vc_column_text][\/vc_column][vc_column width=&#8221;2\/3&#8243; css_animation=&#8221;uk-animation-slide-right-small&#8221;]<div data-dahz-shortcode-key=\"1761607487344-e3c38add-6b7f\" style=\"\" class=\"de-shortcode__wrapper de-shortcode__wrapper--dahz_single_image uk-margin-uk-margin\">\r\n\t<a class=\"de-single-image__wrapper uk-flex uk-flex-center\">\r\n\t<div>\r\n\t\t<img decoding=\"async\" class=\"   \" src=\"https:\/\/marcusdickey.com\/wp-content\/uploads\/2025\/10\/33-1000x443.png\" width=\"1000\" height=\"443\" alt=\"33\" title=\"33\" loading=\"lazy\" \/>\t<\/div>\r\n<\/a>\r\n<\/div>\r\n[\/vc_column][\/vc_row][vc_row row_column_gap=&#8221;uk-grid-collapse&#8221; row_column_enable_equal_height=&#8221;true&#8221; row_column_content_position=&#8221;uk-flex-middle&#8221; row_bottom_shape_divider=&#8221;&#8221; css=&#8221;.vc_custom_1524107521041{margin-top: 4% !important;margin-bottom: 4% !important;}&#8221; dahz_id=&#8221;1761662085533-0b7e6442-fa41&#8243;][vc_column width=&#8221;2\/3&#8243; css_animation=&#8221;uk-animation-slide-left-small&#8221;]<div data-dahz-shortcode-key=\"1761662085534-50f91dc7-9220\" style=\"\" class=\"de-shortcode__wrapper de-shortcode__wrapper--dahz_single_image uk-margin-uk-margin\">\r\n\t<a class=\"de-single-image__wrapper uk-flex uk-flex-center\">\r\n\t<div>\r\n\t\t<img decoding=\"async\" class=\"   \" src=\"https:\/\/marcusdickey.com\/wp-content\/uploads\/2025\/10\/444-1000x510.png\" width=\"1000\" height=\"510\" alt=\"444\" title=\"444\" loading=\"lazy\" \/>\t<\/div>\r\n<\/a>\r\n<\/div>\r\n[\/vc_column][vc_column width=&#8221;1\/3&#8243; css_animation=&#8221;uk-animation-slide-right-small&#8221; css=&#8221;.vc_custom_1524754408841{padding-top: 25% !important;padding-right: 8% !important;padding-bottom: 25% !important;padding-left: 8% !important;background-color: #ffffff !important;}&#8221;][vc_column_text]<\/p>\n<p style=\"text-align: left;\"><span dir=\"auto\">Representaci\u00f3n de una empresa y sus principales ejecutivos en investigaciones paralelas iniciadas por el Regulador de Pensiones del Reino Unido, SFO, FCA, HMRC y autoridades extranjeras sobre denuncias de manipulaci\u00f3n del mercado y venta fraudulenta de fondos de pensiones e inversi\u00f3n por valor de m\u00e1s de 120 millones de libras.<\/span><\/p>\n<p>[\/vc_column_text][\/vc_column][\/vc_row][vc_row row_column_gap=&#8221;uk-grid-collapse&#8221; row_column_enable_equal_height=&#8221;true&#8221; row_column_content_position=&#8221;uk-flex-middle&#8221; row_bottom_shape_divider=&#8221;&#8221; dahz_id=&#8221;1761662263858-9b58ada9-bc10&#8243; css=&#8221;.vc_custom_1524448284527{margin-top: 4% !important;}&#8221;][vc_column width=&#8221;1\/3&#8243; css_animation=&#8221;uk-animation-slide-left-small&#8221; css=&#8221;.vc_custom_1524754400666{padding-top: 25% !important;padding-right: 8% !important;padding-bottom: 25% !important;padding-left: 8% !important;background-color: #ffffff !important;}&#8221;][vc_column_text row_custom_media_type=&#8221;image&#8221; row_background_image_size=&#8221;uk-background-cover&#8221;]<span dir=\"auto\">Defendi\u00f3 a un operador de fondos de cobertura con sede en Londres que estaba siendo investigado por autoridades europeas por su presunta participaci\u00f3n en un plan de compraventa de acciones Cum-Ex por valor de 193 millones de libras.<\/span>[\/vc_column_text][\/vc_column][vc_column width=&#8221;2\/3&#8243; css_animation=&#8221;uk-animation-slide-right-small&#8221;]<div data-dahz-shortcode-key=\"1761662263861-40a82dfc-2005\" style=\"\" class=\"de-shortcode__wrapper de-shortcode__wrapper--dahz_single_image uk-margin-uk-margin\">\r\n\t<a class=\"de-single-image__wrapper uk-flex uk-flex-center\">\r\n\t<div>\r\n\t\t<img decoding=\"async\" class=\"   \" src=\"https:\/\/marcusdickey.com\/wp-content\/uploads\/2025\/10\/555-1000x443.png\" width=\"1000\" height=\"443\" alt=\"555\" title=\"555\" loading=\"lazy\" \/>\t<\/div>\r\n<\/a>\r\n<\/div>\r\n[\/vc_column][\/vc_row][vc_row row_column_gap=&#8221;uk-grid-collapse&#8221; row_column_enable_equal_height=&#8221;true&#8221; row_column_content_position=&#8221;uk-flex-middle&#8221; row_bottom_shape_divider=&#8221;&#8221; dahz_id=&#8221;1761663237971-00bca9ae-59f1&#8243; css=&#8221;.vc_custom_1524448284527{margin-top: 4% !important;}&#8221;][vc_column width=&#8221;2\/3&#8243; css_animation=&#8221;uk-animation-slide-right-small&#8221;][\/vc_column][\/vc_row][\/vc_section]<\/p>\n<\/div>","protected":false},"excerpt":{"rendered":"<p>[vc_section section_custom_media_type=&#8221;image&#8221; section_background_image_size=&#8221;uk-background-cover&#8221; section_background_image_repeat=&#8221;uk-background-norepeat&#8221; section_background_image_position=&#8221;uk-background-top-center&#8221; section_background_image_effect=&#8221;parallax&#8221; section_bottom_shape_divider=&#8221;triangle_opacity_2&#8243; section_background_image=&#8221;743&#8243; section_bottom_shape_divider_color=&#8221;#ffffff&#8221; section_bottom_shape_divider_height=&#8221;380&#8243; section_background_image_parallax=&#8221;%7B%22parallax-options-x-start-range%22%3A%220%22%2C%22parallax-options-x-end-range%22%3A%220%22%2C%22parallax-options-y-start-range%22%3A%22-60%22%2C%22parallax-options-y-end-range%22%3A%22120%22%2C%22parallax-options-show-advance-settings%22%3A%22false%22%2C%22parallax-options-scale-start-range%22%3A%221%22%2C%22parallax-options-scale-end-range%22%3A%221%22%2C%22parallax-options-rotate-start-range%22%3A%220%22%2C%22parallax-options-rotate-end-range%22%3A%220%22%2C%22parallax-options-opacity-start-range%22%3A%221%22%2C%22parallax-options-opacity-end-range%22%3A%221%22%2C%22parallax-options-easing-range%22%3A%220%22%2C%22parallax-options-viewport-range%22%3A%220%22%2C%22parallax-options-enable-repeat%22%3A%22false%22%2C%22parallax-options-enable-z-index%22%3A%22false%22%2C%22parallax-options-breakpoint%22%3A%22%22%7D&#8221; dahz_id=&#8221;1761228466952-aa4b51b8-e9ae&#8221;][vc_row row_enable_full_height=&#8221;true&#8221; row_column_position=&#8221;uk-flex-middle&#8221; row_column_content_position=&#8221;uk-flex-middle&#8221; row_custom_media_type=&#8221;image&#8221; row_background_image_position=&#8221;uk-background-center-left&#8221; row_bottom_shape_divider=&#8221;&#8221; dahz_id=&#8221;1761228466957-ad6500e3-9611&#8243;][vc_column column_padding=&#8221;small&#8221; width=&#8221;7\/12&#8243;][\/vc_column][vc_column column_padding=&#8221;small&#8221; column_custom_media_type=&#8221;image&#8221; width=&#8221;5\/12&#8243;][vc_row_inner dahz_id=&#8221;1761228467036-22daac07-6e5e&#8221;][vc_column_inner column_translate_y=&#8221;5vw&#8221; el_class=&#8221;stamps&#8221;][\/vc_column_inner][\/vc_row_inner][vc_custom_heading text=&#8221;Conectando la Justicia en Todo el Mundo&#8221; font_container=&#8221;tag:h3|font_size:3.75vh|text_align:left|color:%23FFFFFF|line_height:1.25&#8243; use_theme_fonts=&#8221;yes&#8221; css_animation=&#8221;uk-animation-slide-right-medium&#8221; margin=&#8221;uk-margin-remove&#8221; dahz_id=&#8221;1761228467119-cff104e7-3e0b&#8221;][vc_column_text] A medida que los negocios y las finanzas se vuelven m\u00e1s globales, las investigaciones financieras, los<\/p>\n","protected":false},"author":1,"featured_media":0,"parent":0,"menu_order":0,"comment_status":"closed","ping_status":"closed","template":"","meta":{"footnotes":""},"class_list":["post-739","page","type-page","status-publish","hentry"],"_hostinger_reach_plugin_has_subscription_block":false,"_hostinger_reach_plugin_is_elementor":false,"_links":{"self":[{"href":"https:\/\/marcusdickey.com\/index.php?rest_route=\/wp\/v2\/pages\/739","targetHints":{"allow":["GET"]}}],"collection":[{"href":"https:\/\/marcusdickey.com\/index.php?rest_route=\/wp\/v2\/pages"}],"about":[{"href":"https:\/\/marcusdickey.com\/index.php?rest_route=\/wp\/v2\/types\/page"}],"author":[{"embeddable":true,"href":"https:\/\/marcusdickey.com\/index.php?rest_route=\/wp\/v2\/users\/1"}],"replies":[{"embeddable":true,"href":"https:\/\/marcusdickey.com\/index.php?rest_route=%2Fwp%2Fv2%2Fcomments&post=739"}],"version-history":[{"count":40,"href":"https:\/\/marcusdickey.com\/index.php?rest_route=\/wp\/v2\/pages\/739\/revisions"}],"predecessor-version":[{"id":789,"href":"https:\/\/marcusdickey.com\/index.php?rest_route=\/wp\/v2\/pages\/739\/revisions\/789"}],"wp:attachment":[{"href":"https:\/\/marcusdickey.com\/index.php?rest_route=%2Fwp%2Fv2%2Fmedia&parent=739"}],"curies":[{"name":"wp","href":"https:\/\/api.w.org\/{rel}","templated":true}]}}