{"id":687,"date":"2025-10-27T18:43:44","date_gmt":"2025-10-27T18:43:44","guid":{"rendered":"https:\/\/marcusdickey.com\/?page_id=687"},"modified":"2025-10-28T22:01:34","modified_gmt":"2025-10-28T22:01:34","slug":"gabriel-luarte","status":"publish","type":"page","link":"https:\/\/marcusdickey.com\/?page_id=687","title":{"rendered":"Gabriel Luarte"},"content":{"rendered":"<div class=\"wpb-content-wrapper\"><p>[vc_row row_stretch=&#8221;uk-container-expand uk-padding-remove-horizontal&#8221; row_bottom_shape_divider=&#8221;&#8221; dahz_id=&#8221;1761588487751-60f06acf-f0f5&#8243;][vc_column width=&#8221;2\/3&#8243; column_sticky_breakpoint=&#8221;@l&#8221; column_enable_sticky=&#8221;true&#8221;]<div data-dahz-shortcode-key=\"1523274412250-aaa968ab-884e\" style=\"\" class=\"de-shortcode__wrapper de-shortcode__wrapper--dahz_single_image uk-margin-uk-margin\">\r\n\t<a class=\"de-single-image__wrapper uk-flex uk-flex-center\">\r\n\t<div>\r\n\t\t<img loading=\"lazy\" decoding=\"async\" width=\"1200\" height=\"1253\" src=\"https:\/\/marcusdickey.com\/wp-content\/uploads\/2025\/10\/4.png\" class=\"   attachment-full\" alt=\"\" title=\"4\" srcset=\"https:\/\/marcusdickey.com\/wp-content\/uploads\/2025\/10\/4.png 1200w, https:\/\/marcusdickey.com\/wp-content\/uploads\/2025\/10\/4-287x300.png 287w, https:\/\/marcusdickey.com\/wp-content\/uploads\/2025\/10\/4-981x1024.png 981w, https:\/\/marcusdickey.com\/wp-content\/uploads\/2025\/10\/4-768x802.png 768w\" sizes=\"auto, (max-width: 1200px) 100vw, 1200px\" \/>\t<\/div>\r\n<\/a>\r\n<\/div>\r\n[\/vc_column][vc_column column_padding=&#8221;large&#8221; width=&#8221;1\/3&#8243; css=&#8221;.vc_custom_1523363594706{padding-top: 60px !important;}&#8221;][vc_custom_heading text=&#8221;Gabriel Luarte&#8221; font_container=&#8221;tag:h1|font_size:46px|text_align:left|line_height:1.25&#8243; use_theme_fonts=&#8221;yes&#8221; margin=&#8221;uk-margin-remove&#8221; dahz_id=&#8221;1761588487797-a2cf286f-46d2&#8243;][vc_custom_heading text=&#8221;Abogado Internacional y de Arbitraje Comercial&#8221; font_container=&#8221;tag:h4|font_size:25px|text_align:left|line_height:1.25&#8243; use_theme_fonts=&#8221;yes&#8221; dahz_id=&#8221;1761588544271-81fb5f53-3182&#8243;][vc_custom_heading text=&#8221;Justicia global, integridad y estrategia en la resoluci\u00f3n de conflictos internacionales.&#8221; font_container=&#8221;tag:h4|font_size:25px|text_align:left|color:%23c1c1c1|line_height:1.25&#8243; use_theme_fonts=&#8221;yes&#8221; dahz_id=&#8221;1761588487814-0dbf7cc7-e88e&#8221;][vc_column_text]<\/p>\n<p data-start=\"494\" data-end=\"831\">Gabriel Luarte es un abogado internacional con una trayectoria consolidada en arbitraje comercial y derecho corporativo transnacional.<br data-start=\"628\" data-end=\"631\" \/>A lo largo de su carrera, ha representado a empresas, inversores y particulares en procesos complejos de resoluci\u00f3n de disputas ante tribunales internacionales y organismos de arbitraje reconocidos.<\/p>\n<p data-start=\"833\" data-end=\"1175\">Su enfoque combina la visi\u00f3n jur\u00eddica tradicional con un entendimiento profundo del entorno global actual, permiti\u00e9ndole ofrecer soluciones estrat\u00e9gicas, adaptadas a la din\u00e1mica de los mercados internacionales.<br data-start=\"1043\" data-end=\"1046\" \/>Gabriel es conocido por su precisi\u00f3n t\u00e9cnica, su capacidad de negociaci\u00f3n y su compromiso con la transparencia en cada proceso.<\/p>\n<p data-start=\"1177\" data-end=\"1433\">Con una filosof\u00eda profesional centrada en la \u00e9tica, la comunicaci\u00f3n y la prevenci\u00f3n de conflictos, ha participado en la creaci\u00f3n de acuerdos de cooperaci\u00f3n legal entre firmas de Europa y Am\u00e9rica Latina, fortaleciendo la asistencia jur\u00eddica transfronteriza.<\/p>\n<p data-start=\"1435\" data-end=\"1712\">Su liderazgo y su capacidad para analizar contextos jur\u00eddicos internacionales lo han convertido en una pieza clave dentro del equipo, participando en casos de alto perfil relacionados con inversiones extranjeras, cumplimiento normativo y disputas contractuales internacionales.<\/p>\n<p>[\/vc_column_text]<div data-dahz-shortcode-key=\"1523273629463-592dd16d-75da\" style=\"\" class=\"de-shortcode__wrapper de-shortcode__wrapper--dahz_single_image uk-margin-uk-margin-remove uk-margin-remove-top\">\r\n\t<a class=\"de-single-image__wrapper uk-flex uk-flex-left\">\r\n\t<div>\r\n\t\t<img decoding=\"async\" class=\"   \" src=\"https:\/\/marcusdickey.com\/wp-content\/uploads\/2025\/10\/Recurso-3-240x98.png\" width=\"240\" height=\"98\" alt=\"Recurso 3\" title=\"Recurso 3\" loading=\"lazy\" \/>\t<\/div>\r\n<\/a>\r\n<\/div>\r\n[vc_custom_heading text=&#8221;Educaci\u00f3n y Admisi\u00f3n Judicial&#8221; font_container=&#8221;tag:h4|font_size:25px|text_align:left|line_height:1.25&#8243; use_theme_fonts=&#8221;yes&#8221; dahz_id=&#8221;1761588487839-2fb9d39b-4c5b&#8221;][vc_column_text]<\/p>\n<p data-start=\"1758\" data-end=\"2159\">Gabriel se gradu\u00f3 con honores en Derecho en la <strong data-start=\"1805\" data-end=\"1849\">Pontificia Universidad Cat\u00f3lica de Chile<\/strong>, donde posteriormente curs\u00f3 una <strong data-start=\"1882\" data-end=\"1941\">Maestr\u00eda en Derecho Internacional y Arbitraje Comercial<\/strong>.<br data-start=\"1942\" data-end=\"1945\" \/>Realiz\u00f3 estudios de especializaci\u00f3n en <strong data-start=\"1984\" data-end=\"2024\">Resoluci\u00f3n Alternativa de Conflictos<\/strong> en la <strong data-start=\"2031\" data-end=\"2068\">Universidad Complutense de Madrid<\/strong>, lo que ampli\u00f3 su visi\u00f3n sobre los mecanismos de mediaci\u00f3n y conciliaci\u00f3n internacional.<\/p>\n<p data-start=\"2161\" data-end=\"2387\">Est\u00e1 certificado por la <strong data-start=\"2185\" data-end=\"2227\">Corte Internacional de Arbitraje (ICC)<\/strong> y es miembro activo del <strong data-start=\"2252\" data-end=\"2298\">Centro de Arbitraje y Mediaci\u00f3n de la OMPI<\/strong>, donde ha colaborado como asesor en controversias entre corporaciones multinacionales.<\/p>\n<p data-start=\"2389\" data-end=\"2630\">Su s\u00f3lida formaci\u00f3n acad\u00e9mica, combinada con su capacidad anal\u00edtica, le permite dise\u00f1ar estrategias jur\u00eddicas efectivas y adaptadas a cada jurisdicci\u00f3n, preservando siempre los intereses de sus clientes y la integridad de cada proceso legal.<\/p>\n<p>[\/vc_column_text][vc_custom_heading text=&#8221;Liderazgo, Membres\u00edas y Reconocimientos&#8221; font_container=&#8221;tag:h4|font_size:25px|text_align:left|line_height:1.25&#8243; use_theme_fonts=&#8221;yes&#8221; dahz_id=&#8221;1761588487857-850b57e5-08f6&#8243;][vc_column_text]<\/p>\n<p data-start=\"2686\" data-end=\"3035\">Gabriel ha sido invitado como conferencista en foros internacionales de derecho comercial y arbitraje en <strong data-start=\"2791\" data-end=\"2834\">Madrid, Ciudad de M\u00e9xico y Buenos Aires<\/strong>, donde ha compartido su experiencia sobre la evoluci\u00f3n del arbitraje en la era digital.<br data-start=\"2922\" data-end=\"2925\" \/>Es miembro de la <strong data-start=\"2942\" data-end=\"2981\">International Bar Association (IBA)<\/strong> y del <strong data-start=\"2988\" data-end=\"3032\">Colegio de Abogados de Santiago de Chile<\/strong>.<\/p>\n<p data-start=\"3037\" data-end=\"3419\">A lo largo de su carrera, ha recibido reconocimientos por su excelencia en la mediaci\u00f3n y por su contribuci\u00f3n al fortalecimiento de la cooperaci\u00f3n jur\u00eddica internacional.<br data-start=\"3207\" data-end=\"3210\" \/>Entre sus logros destacan la participaci\u00f3n en la redacci\u00f3n de protocolos para la resoluci\u00f3n digital de conflictos y su colaboraci\u00f3n en proyectos de asesor\u00eda legal preventiva para corporaciones multinacionales.<\/p>\n<p data-start=\"3421\" data-end=\"3543\">Su lema profesional define su esencia:<br data-start=\"3459\" data-end=\"3462\" \/><strong data-start=\"3462\" data-end=\"3543\">\u201cCada conflicto tiene una soluci\u00f3n justa; el arte est\u00e1 en saber encontrarla.\u201d<\/strong><\/p>\n<p>[\/vc_column_text][vc_custom_heading text=&#8221;Habilidades Profesionales&#8221; font_container=&#8221;tag:h4|font_size:25px|text_align:left|line_height:1.25&#8243; use_theme_fonts=&#8221;yes&#8221; dahz_id=&#8221;1761588487887-dc1676aa-f4d0&#8243;][vc_progress_bar values=&#8221;%5B%7B%22label%22%3A%22Arbitraje%20Internacional%20y%20Resoluci%C3%B3n%20de%20Conflictos%22%2C%22value%22%3A%2293%22%2C%22bar_color%22%3A%22%23977a3e%22%2C%22background_color%22%3A%22%23e1e1e1%22%7D%2C%7B%22label%22%3A%22Negociaci%C3%B3n%20Estrat%C3%A9gica%20y%20Diplomacia%20Legal%22%2C%22value%22%3A%2289%22%2C%22bar_color%22%3A%22%23977a3e%22%2C%22background_color%22%3A%22%23e1e1e1%22%7D%2C%7B%22label%22%3A%22Derecho%20Comercial%20Transnacional%22%2C%22value%22%3A%2282%22%2C%22bar_color%22%3A%22%23977a3e%22%2C%22background_color%22%3A%22%23e1e1e1%22%7D%2C%7B%22label%22%3A%22Asesor%C3%ADa%20Legal%20Corporativa%20Internacional%22%2C%22value%22%3A%2295%22%2C%22bar_color%22%3A%22%23977a3e%22%2C%22background_color%22%3A%22%23e1e1e1%22%7D%5D&#8221; border_radius=&#8221;1&#8243;][vc_empty_space][\/vc_column][\/vc_row]<\/p>\n<\/div>","protected":false},"excerpt":{"rendered":"<p>[vc_row row_stretch=&#8221;uk-container-expand uk-padding-remove-horizontal&#8221; row_bottom_shape_divider=&#8221;&#8221; dahz_id=&#8221;1761588487751-60f06acf-f0f5&#8243;][vc_column width=&#8221;2\/3&#8243; column_sticky_breakpoint=&#8221;@l&#8221; column_enable_sticky=&#8221;true&#8221;][\/vc_column][vc_column column_padding=&#8221;large&#8221; width=&#8221;1\/3&#8243; css=&#8221;.vc_custom_1523363594706{padding-top: 60px !important;}&#8221;][vc_custom_heading text=&#8221;Gabriel Luarte&#8221; font_container=&#8221;tag:h1|font_size:46px|text_align:left|line_height:1.25&#8243; use_theme_fonts=&#8221;yes&#8221; margin=&#8221;uk-margin-remove&#8221; dahz_id=&#8221;1761588487797-a2cf286f-46d2&#8243;][vc_custom_heading text=&#8221;Abogado Internacional y de Arbitraje Comercial&#8221; font_container=&#8221;tag:h4|font_size:25px|text_align:left|line_height:1.25&#8243; use_theme_fonts=&#8221;yes&#8221; dahz_id=&#8221;1761588544271-81fb5f53-3182&#8243;][vc_custom_heading text=&#8221;Justicia global, integridad y estrategia en la resoluci\u00f3n de conflictos internacionales.&#8221; font_container=&#8221;tag:h4|font_size:25px|text_align:left|color:%23c1c1c1|line_height:1.25&#8243; use_theme_fonts=&#8221;yes&#8221; dahz_id=&#8221;1761588487814-0dbf7cc7-e88e&#8221;][vc_column_text] Gabriel Luarte es un abogado internacional con una trayectoria consolidada en arbitraje comercial<\/p>\n","protected":false},"author":1,"featured_media":0,"parent":211,"menu_order":0,"comment_status":"closed","ping_status":"closed","template":"","meta":{"footnotes":""},"class_list":["post-687","page","type-page","status-publish","hentry"],"_hostinger_reach_plugin_has_subscription_block":false,"_hostinger_reach_plugin_is_elementor":false,"_links":{"self":[{"href":"https:\/\/marcusdickey.com\/index.php?rest_route=\/wp\/v2\/pages\/687","targetHints":{"allow":["GET"]}}],"collection":[{"href":"https:\/\/marcusdickey.com\/index.php?rest_route=\/wp\/v2\/pages"}],"about":[{"href":"https:\/\/marcusdickey.com\/index.php?rest_route=\/wp\/v2\/types\/page"}],"author":[{"embeddable":true,"href":"https:\/\/marcusdickey.com\/index.php?rest_route=\/wp\/v2\/users\/1"}],"replies":[{"embeddable":true,"href":"https:\/\/marcusdickey.com\/index.php?rest_route=%2Fwp%2Fv2%2Fcomments&post=687"}],"version-history":[{"count":5,"href":"https:\/\/marcusdickey.com\/index.php?rest_route=\/wp\/v2\/pages\/687\/revisions"}],"predecessor-version":[{"id":884,"href":"https:\/\/marcusdickey.com\/index.php?rest_route=\/wp\/v2\/pages\/687\/revisions\/884"}],"up":[{"embeddable":true,"href":"https:\/\/marcusdickey.com\/index.php?rest_route=\/wp\/v2\/pages\/211"}],"wp:attachment":[{"href":"https:\/\/marcusdickey.com\/index.php?rest_route=%2Fwp%2Fv2%2Fmedia&parent=687"}],"curies":[{"name":"wp","href":"https:\/\/api.w.org\/{rel}","templated":true}]}}