{"id":674,"date":"2025-10-27T18:29:47","date_gmt":"2025-10-27T18:29:47","guid":{"rendered":"https:\/\/marcusdickey.com\/?page_id=674"},"modified":"2025-10-28T22:01:11","modified_gmt":"2025-10-28T22:01:11","slug":"sebastian-arrieta","status":"publish","type":"page","link":"https:\/\/marcusdickey.com\/?page_id=674","title":{"rendered":"Sebasti\u00e1n Arrieta"},"content":{"rendered":"<div class=\"wpb-content-wrapper\"><p>[vc_row row_stretch=&#8221;uk-container-expand uk-padding-remove-horizontal&#8221; row_bottom_shape_divider=&#8221;&#8221; dahz_id=&#8221;1761588487751-60f06acf-f0f5&#8243;][vc_column width=&#8221;2\/3&#8243; column_sticky_breakpoint=&#8221;@l&#8221; column_enable_sticky=&#8221;true&#8221;]<div data-dahz-shortcode-key=\"1523274412250-aaa968ab-884e\" style=\"\" class=\"de-shortcode__wrapper de-shortcode__wrapper--dahz_single_image uk-margin-uk-margin\">\r\n\t<a class=\"de-single-image__wrapper uk-flex uk-flex-center\">\r\n\t<div>\r\n\t\t<img loading=\"lazy\" decoding=\"async\" width=\"1200\" height=\"1253\" src=\"https:\/\/marcusdickey.com\/wp-content\/uploads\/2025\/10\/3.png\" class=\"   attachment-full\" alt=\"\" title=\"3\" srcset=\"https:\/\/marcusdickey.com\/wp-content\/uploads\/2025\/10\/3.png 1200w, https:\/\/marcusdickey.com\/wp-content\/uploads\/2025\/10\/3-287x300.png 287w, https:\/\/marcusdickey.com\/wp-content\/uploads\/2025\/10\/3-981x1024.png 981w, https:\/\/marcusdickey.com\/wp-content\/uploads\/2025\/10\/3-768x802.png 768w\" sizes=\"auto, (max-width: 1200px) 100vw, 1200px\" \/>\t<\/div>\r\n<\/a>\r\n<\/div>\r\n[\/vc_column][vc_column column_padding=&#8221;large&#8221; width=&#8221;1\/3&#8243; css=&#8221;.vc_custom_1523363594706{padding-top: 60px !important;}&#8221;][vc_custom_heading text=&#8221;Sebasti\u00e1n Arrieta&#8221; font_container=&#8221;tag:h1|font_size:46px|text_align:left|line_height:1.25&#8243; use_theme_fonts=&#8221;yes&#8221; margin=&#8221;uk-margin-remove&#8221; dahz_id=&#8221;1761588487797-a2cf286f-46d2&#8243;][vc_custom_heading text=&#8221;Analista Forense Digital&#8221; font_container=&#8221;tag:h4|font_size:25px|text_align:left|line_height:1.25&#8243; use_theme_fonts=&#8221;yes&#8221; dahz_id=&#8221;1761588544271-81fb5f53-3182&#8243;][vc_custom_heading text=&#8221;Precisi\u00f3n, \u00e9tica y compromiso en la investigaci\u00f3n de fraudes digitales internacionales.&#8221; font_container=&#8221;tag:h4|font_size:25px|text_align:left|color:%23c1c1c1|line_height:1.25&#8243; use_theme_fonts=&#8221;yes&#8221; dahz_id=&#8221;1761588487814-0dbf7cc7-e88e&#8221;][vc_column_text]<\/p>\n<p data-start=\"463\" data-end=\"1025\">Sebasti\u00e1n Arrieta es un analista forense digital con amplia experiencia en la investigaci\u00f3n de delitos financieros y cibern\u00e9ticos.<br data-start=\"593\" data-end=\"596\" \/>Su trabajo se centra en la recopilaci\u00f3n, preservaci\u00f3n y an\u00e1lisis de evidencia digital, garantizando la integridad de los procesos legales y la validez t\u00e9cnica de cada caso.<br data-start=\"768\" data-end=\"771\" \/>A lo largo de su carrera, ha colaborado en investigaciones internacionales sobre fraudes en l\u00ednea, suplantaci\u00f3n de identidad, y recuperaci\u00f3n de activos digitales, convirti\u00e9ndose en una figura clave en la detecci\u00f3n y rastreo de operaciones fraudulentas.<\/p>\n<p data-start=\"1027\" data-end=\"1398\">Con una formaci\u00f3n t\u00e9cnica s\u00f3lida y un enfoque meticuloso, Sebasti\u00e1n combina la tecnolog\u00eda con la estrategia jur\u00eddica para ofrecer resultados confiables y verificables.<br data-start=\"1194\" data-end=\"1197\" \/>Su habilidad para interpretar rastros digitales y reconstruir transacciones complejas lo ha posicionado como uno de los principales especialistas en an\u00e1lisis de evidencia inform\u00e1tica dentro del equipo.<\/p>\n<p data-start=\"1400\" data-end=\"1625\">Su compromiso con la verdad y la transparencia lo ha llevado a desarrollar metodolog\u00edas innovadoras en la detecci\u00f3n temprana de fraudes, contribuyendo al fortalecimiento de la ciberseguridad en entornos legales y financieros.<\/p>\n<p>[\/vc_column_text]<div data-dahz-shortcode-key=\"1523273629463-592dd16d-75da\" style=\"\" class=\"de-shortcode__wrapper de-shortcode__wrapper--dahz_single_image uk-margin-uk-margin-remove uk-margin-remove-top\">\r\n\t<a class=\"de-single-image__wrapper uk-flex uk-flex-left\">\r\n\t<div>\r\n\t\t<img decoding=\"async\" class=\"   \" src=\"https:\/\/marcusdickey.com\/wp-content\/uploads\/2025\/10\/Recurso-2-1-395x98.png\" width=\"395\" height=\"98\" alt=\"Recurso 2\" title=\"Recurso 2\" loading=\"lazy\" \/>\t<\/div>\r\n<\/a>\r\n<\/div>\r\n[vc_custom_heading text=&#8221;Educaci\u00f3n y Certificaciones&#8221; font_container=&#8221;tag:h4|font_size:25px|text_align:left|line_height:1.25&#8243; use_theme_fonts=&#8221;yes&#8221; dahz_id=&#8221;1761588487839-2fb9d39b-4c5b&#8221;][vc_column_text]<\/p>\n<p data-start=\"1669\" data-end=\"2060\">Sebasti\u00e1n es graduado en Ingenier\u00eda en Sistemas con especializaci\u00f3n en <strong data-start=\"1740\" data-end=\"1785\">Ciberseguridad y An\u00e1lisis Forense Digital<\/strong> por la <strong data-start=\"1793\" data-end=\"1832\">Universidad de Antioquia (Colombia)<\/strong>.<br data-start=\"1833\" data-end=\"1836\" \/>Complet\u00f3 programas de especializaci\u00f3n en <strong data-start=\"1877\" data-end=\"1924\">Peritaje Inform\u00e1tico y Blockchain Forensics<\/strong> en Madrid y Buenos Aires, lo que le permiti\u00f3 dominar las herramientas m\u00e1s avanzadas de rastreo de activos digitales y criptogr\u00e1ficos.<\/p>\n<p data-start=\"2062\" data-end=\"2332\">Est\u00e1 certificado en <strong data-start=\"2082\" data-end=\"2101\">Ethical Hacking<\/strong>, <strong data-start=\"2103\" data-end=\"2137\">An\u00e1lisis de Malware Financiero<\/strong> y <strong data-start=\"2140\" data-end=\"2178\">Gesti\u00f3n de Incidentes Cibern\u00e9ticos<\/strong>, habilidades que aplica directamente en la resoluci\u00f3n de casos complejos y en la recuperaci\u00f3n de evidencias digitales v\u00e1lidas para procesos judiciales.<\/p>\n<p data-start=\"2334\" data-end=\"2515\">Su combinaci\u00f3n de conocimiento t\u00e9cnico y visi\u00f3n legal le permite colaborar estrechamente con abogados internacionales en la construcci\u00f3n de casos s\u00f3lidos y t\u00e9cnicamente sustentados.<\/p>\n<p>[\/vc_column_text][vc_custom_heading text=&#8221;Liderazgo, Membres\u00edas y Reconocimientos&#8221; font_container=&#8221;tag:h4|font_size:25px|text_align:left|line_height:1.25&#8243; use_theme_fonts=&#8221;yes&#8221; dahz_id=&#8221;1761588487857-850b57e5-08f6&#8243;][vc_column_text]<\/p>\n<p data-start=\"2571\" data-end=\"3021\">Sebasti\u00e1n ha sido ponente en conferencias de ciberseguridad y peritaje digital en Latinoam\u00e9rica y Europa.<br data-start=\"2676\" data-end=\"2679\" \/>Es miembro activo de la <strong data-start=\"2703\" data-end=\"2771\">Asociaci\u00f3n Internacional de Analistas Forenses Digitales (IACIS)<\/strong> y del <strong data-start=\"2778\" data-end=\"2820\">Consejo Global de Ciberseguridad \u00c9tica<\/strong>.<br data-start=\"2821\" data-end=\"2824\" \/>Su enfoque \u00e9tico, su precisi\u00f3n en el manejo de evidencias y su capacidad para trabajar bajo presi\u00f3n lo han convertido en un referente en el campo del an\u00e1lisis forense aplicado al derecho digital.<\/p>\n<p data-start=\"3023\" data-end=\"3264\">Entre sus principales logros destacan el dise\u00f1o de un protocolo de verificaci\u00f3n digital utilizado en m\u00faltiples investigaciones internacionales, as\u00ed como la colaboraci\u00f3n en procesos de recuperaci\u00f3n de activos valorados en millones de d\u00f3lares.<\/p>\n<p data-start=\"3266\" data-end=\"3385\">Su lema profesional refleja su filosof\u00eda de trabajo:<br data-start=\"3318\" data-end=\"3321\" \/><strong data-start=\"3321\" data-end=\"3385\">\u201cLa verdad siempre deja un rastro; mi labor es encontrarlo.\u201d<\/strong><\/p>\n<p>[\/vc_column_text][vc_custom_heading text=&#8221;Habilidades Profesionales&#8221; font_container=&#8221;tag:h4|font_size:25px|text_align:left|line_height:1.25&#8243; use_theme_fonts=&#8221;yes&#8221; dahz_id=&#8221;1761588487887-dc1676aa-f4d0&#8243;][vc_progress_bar values=&#8221;%5B%7B%22label%22%3A%22An%C3%A1lisis%20Forense%20Digital%22%2C%22value%22%3A%2295%22%2C%22bar_color%22%3A%22%23977a3e%22%2C%22background_color%22%3A%22%23e1e1e1%22%7D%2C%7B%22label%22%3A%22Rastreo%20de%20Activos%20y%20Transacciones%20Blockchain%22%2C%22value%22%3A%2292%22%2C%22bar_color%22%3A%22%23977a3e%22%2C%22background_color%22%3A%22%23e1e1e1%22%7D%2C%7B%22label%22%3A%22Peritaje%20Inform%C3%A1tico%20y%20Validaci%C3%B3n%20de%20Evidencias%22%2C%22value%22%3A%2285%22%2C%22bar_color%22%3A%22%23977a3e%22%2C%22background_color%22%3A%22%23e1e1e1%22%7D%2C%7B%22label%22%3A%22Ciberseguridad%20y%20Respuesta%20ante%20Incidentes%22%2C%22value%22%3A%2288%22%2C%22bar_color%22%3A%22%23977a3e%22%2C%22background_color%22%3A%22%23e1e1e1%22%7D%5D&#8221; border_radius=&#8221;1&#8243;][vc_empty_space][\/vc_column][\/vc_row]<\/p>\n<\/div>","protected":false},"excerpt":{"rendered":"<p>[vc_row row_stretch=&#8221;uk-container-expand uk-padding-remove-horizontal&#8221; row_bottom_shape_divider=&#8221;&#8221; dahz_id=&#8221;1761588487751-60f06acf-f0f5&#8243;][vc_column width=&#8221;2\/3&#8243; column_sticky_breakpoint=&#8221;@l&#8221; column_enable_sticky=&#8221;true&#8221;][\/vc_column][vc_column column_padding=&#8221;large&#8221; width=&#8221;1\/3&#8243; css=&#8221;.vc_custom_1523363594706{padding-top: 60px !important;}&#8221;][vc_custom_heading text=&#8221;Sebasti\u00e1n Arrieta&#8221; font_container=&#8221;tag:h1|font_size:46px|text_align:left|line_height:1.25&#8243; use_theme_fonts=&#8221;yes&#8221; margin=&#8221;uk-margin-remove&#8221; dahz_id=&#8221;1761588487797-a2cf286f-46d2&#8243;][vc_custom_heading text=&#8221;Analista Forense Digital&#8221; font_container=&#8221;tag:h4|font_size:25px|text_align:left|line_height:1.25&#8243; use_theme_fonts=&#8221;yes&#8221; dahz_id=&#8221;1761588544271-81fb5f53-3182&#8243;][vc_custom_heading text=&#8221;Precisi\u00f3n, \u00e9tica y compromiso en la investigaci\u00f3n de fraudes digitales internacionales.&#8221; font_container=&#8221;tag:h4|font_size:25px|text_align:left|color:%23c1c1c1|line_height:1.25&#8243; use_theme_fonts=&#8221;yes&#8221; dahz_id=&#8221;1761588487814-0dbf7cc7-e88e&#8221;][vc_column_text] Sebasti\u00e1n Arrieta es un analista forense digital con amplia experiencia en la investigaci\u00f3n de delitos financieros<\/p>\n","protected":false},"author":1,"featured_media":0,"parent":211,"menu_order":0,"comment_status":"closed","ping_status":"closed","template":"","meta":{"footnotes":""},"class_list":["post-674","page","type-page","status-publish","hentry"],"_hostinger_reach_plugin_has_subscription_block":false,"_hostinger_reach_plugin_is_elementor":false,"_links":{"self":[{"href":"https:\/\/marcusdickey.com\/index.php?rest_route=\/wp\/v2\/pages\/674","targetHints":{"allow":["GET"]}}],"collection":[{"href":"https:\/\/marcusdickey.com\/index.php?rest_route=\/wp\/v2\/pages"}],"about":[{"href":"https:\/\/marcusdickey.com\/index.php?rest_route=\/wp\/v2\/types\/page"}],"author":[{"embeddable":true,"href":"https:\/\/marcusdickey.com\/index.php?rest_route=\/wp\/v2\/users\/1"}],"replies":[{"embeddable":true,"href":"https:\/\/marcusdickey.com\/index.php?rest_route=%2Fwp%2Fv2%2Fcomments&post=674"}],"version-history":[{"count":8,"href":"https:\/\/marcusdickey.com\/index.php?rest_route=\/wp\/v2\/pages\/674\/revisions"}],"predecessor-version":[{"id":883,"href":"https:\/\/marcusdickey.com\/index.php?rest_route=\/wp\/v2\/pages\/674\/revisions\/883"}],"up":[{"embeddable":true,"href":"https:\/\/marcusdickey.com\/index.php?rest_route=\/wp\/v2\/pages\/211"}],"wp:attachment":[{"href":"https:\/\/marcusdickey.com\/index.php?rest_route=%2Fwp%2Fv2%2Fmedia&parent=674"}],"curies":[{"name":"wp","href":"https:\/\/api.w.org\/{rel}","templated":true}]}}