{"id":3,"date":"2025-10-22T15:47:40","date_gmt":"2025-10-22T15:47:40","guid":{"rendered":"http:\/\/marcusdickey.com\/?page_id=3"},"modified":"2025-10-28T21:38:49","modified_gmt":"2025-10-28T21:38:49","slug":"privacy-policy","status":"publish","type":"page","link":"https:\/\/marcusdickey.com\/?page_id=3","title":{"rendered":"Pol\u00edtica de Privacidad"},"content":{"rendered":"<div class=\"wpb-content-wrapper\"><p>[vc_row][vc_column][vc_column_text]<\/p>\n<h2 data-start=\"457\" data-end=\"479\"><strong data-start=\"460\" data-end=\"479\">1. Introducci\u00f3n<\/strong><\/h2>\n<p data-start=\"480\" data-end=\"846\">En Marcus Dickey &amp; Asociados valoramos y respetamos la privacidad de nuestros clientes, usuarios y visitantes.<br data-start=\"590\" data-end=\"593\" \/>La presente Pol\u00edtica de Privacidad describe c\u00f3mo recopilamos, utilizamos, protegemos y gestionamos la informaci\u00f3n personal que se obtiene a trav\u00e9s de nuestros canales digitales, formularios de contacto, servicios legales o comunicaciones electr\u00f3nicas.<\/p>\n<p data-start=\"848\" data-end=\"944\">Al acceder o utilizar nuestros servicios, usted acepta las pr\u00e1cticas descritas en esta pol\u00edtica.<\/p>\n<hr data-start=\"946\" data-end=\"949\" \/>\n<h2 data-start=\"951\" data-end=\"997\"><strong data-start=\"954\" data-end=\"997\">2. Responsable del Tratamiento de Datos<\/strong><\/h2>\n<p data-start=\"998\" data-end=\"1106\"><strong data-start=\"998\" data-end=\"1027\">Marcus Dickey &amp; Asociados<\/strong><br data-start=\"1027\" data-end=\"1030\" \/>Departamento Legal y de Protecci\u00f3n de Datos<br data-start=\"1073\" data-end=\"1076\" \/>\ud83d\udce7 <strong data-start=\"1079\" data-end=\"1104\"><a class=\"decorated-link cursor-pointer\" rel=\"noopener\" data-start=\"1081\" data-end=\"1102\">info@marcusdickey.com<\/a><\/strong><\/p>\n<p data-start=\"1108\" data-end=\"1296\">Somos responsables del tratamiento, almacenamiento y protecci\u00f3n de la informaci\u00f3n personal proporcionada, garantizando su confidencialidad y uso leg\u00edtimo conforme a la legislaci\u00f3n vigente.<\/p>\n<hr data-start=\"1298\" data-end=\"1301\" \/>\n<h2 data-start=\"1303\" data-end=\"1340\"><strong data-start=\"1306\" data-end=\"1340\">3. Informaci\u00f3n que Recopilamos<\/strong><\/h2>\n<p data-start=\"1341\" data-end=\"1533\">Recopilamos datos personales de manera limitada y leg\u00edtima, \u00fanicamente con fines relacionados con la prestaci\u00f3n de servicios legales.<br data-start=\"1474\" data-end=\"1477\" \/>Los tipos de informaci\u00f3n que podemos solicitar incluyen:<\/p>\n<ul data-start=\"1535\" data-end=\"1964\">\n<li data-start=\"1535\" data-end=\"1608\">\n<p data-start=\"1537\" data-end=\"1608\">Nombre completo, direcci\u00f3n de correo electr\u00f3nico y n\u00famero telef\u00f3nico.<\/p>\n<\/li>\n<li data-start=\"1609\" data-end=\"1656\">\n<p data-start=\"1611\" data-end=\"1656\">Pa\u00eds de residencia y preferencia de idioma.<\/p>\n<\/li>\n<li data-start=\"1657\" data-end=\"1725\">\n<p data-start=\"1659\" data-end=\"1725\">Informaci\u00f3n sobre el caso o situaci\u00f3n legal que desee comunicar.<\/p>\n<\/li>\n<li data-start=\"1726\" data-end=\"1827\">\n<p data-start=\"1728\" data-end=\"1827\">Documentos de identidad o comprobantes necesarios para verificar su titularidad o representaci\u00f3n.<\/p>\n<\/li>\n<li data-start=\"1828\" data-end=\"1964\">\n<p data-start=\"1830\" data-end=\"1964\">Datos t\u00e9cnicos como direcci\u00f3n IP, navegador utilizado, sistema operativo, zona horaria y comportamiento de navegaci\u00f3n (cuando aplica).<\/p>\n<\/li>\n<\/ul>\n<hr data-start=\"1966\" data-end=\"1969\" \/>\n<h2 data-start=\"1971\" data-end=\"2019\"><strong data-start=\"1974\" data-end=\"2019\">4. Finalidad del Tratamiento de los Datos<\/strong><\/h2>\n<p data-start=\"2020\" data-end=\"2082\">La informaci\u00f3n recopilada se utiliza con los siguientes fines:<\/p>\n<ul data-start=\"2084\" data-end=\"2541\">\n<li data-start=\"2084\" data-end=\"2140\">\n<p data-start=\"2086\" data-end=\"2140\">Evaluar solicitudes de contacto o consultas legales.<\/p>\n<\/li>\n<li data-start=\"2141\" data-end=\"2225\">\n<p data-start=\"2143\" data-end=\"2225\">Brindar asesor\u00eda personalizada y gestionar procesos jur\u00eddicos o administrativos.<\/p>\n<\/li>\n<li data-start=\"2226\" data-end=\"2282\">\n<p data-start=\"2228\" data-end=\"2282\">Cumplir con obligaciones contractuales o normativas.<\/p>\n<\/li>\n<li data-start=\"2283\" data-end=\"2348\">\n<p data-start=\"2285\" data-end=\"2348\">Realizar an\u00e1lisis internos y mejorar la calidad del servicio.<\/p>\n<\/li>\n<li data-start=\"2349\" data-end=\"2447\">\n<p data-start=\"2351\" data-end=\"2447\">Garantizar la autenticidad de la identidad del cliente y prevenir fraudes o accesos indebidos.<\/p>\n<\/li>\n<li data-start=\"2448\" data-end=\"2541\">\n<p data-start=\"2450\" data-end=\"2541\">Mantener comunicaciones informativas o de seguimiento respecto a los servicios contratados.<\/p>\n<\/li>\n<\/ul>\n<p data-start=\"2543\" data-end=\"2641\">No utilizamos la informaci\u00f3n para fines comerciales ni la compartimos con terceros no autorizados.<\/p>\n<hr data-start=\"2643\" data-end=\"2646\" \/>\n<h2 data-start=\"2648\" data-end=\"2688\"><strong data-start=\"2651\" data-end=\"2688\">5. Base Legal para el Tratamiento<\/strong><\/h2>\n<p data-start=\"2689\" data-end=\"2747\">El tratamiento de datos personales se realiza con base en:<\/p>\n<ul data-start=\"2749\" data-end=\"3081\">\n<li data-start=\"2749\" data-end=\"2845\">\n<p data-start=\"2751\" data-end=\"2845\">El consentimiento expl\u00edcito del usuario al completar formularios o comunicarse con nosotros.<\/p>\n<\/li>\n<li data-start=\"2846\" data-end=\"2911\">\n<p data-start=\"2848\" data-end=\"2911\">La ejecuci\u00f3n de un contrato o relaci\u00f3n profesional existente.<\/p>\n<\/li>\n<li data-start=\"2912\" data-end=\"2982\">\n<p data-start=\"2914\" data-end=\"2982\">El cumplimiento de obligaciones legales o regulatorias aplicables.<\/p>\n<\/li>\n<li data-start=\"2983\" data-end=\"3081\">\n<p data-start=\"2985\" data-end=\"3081\">El inter\u00e9s leg\u00edtimo del bufete para mantener la seguridad y la integridad de los datos tratados.<\/p>\n<\/li>\n<\/ul>\n<hr data-start=\"3083\" data-end=\"3086\" \/>\n<h2 data-start=\"3088\" data-end=\"3128\"><strong data-start=\"3091\" data-end=\"3128\">6. Conservaci\u00f3n de la Informaci\u00f3n<\/strong><\/h2>\n<p data-start=\"3129\" data-end=\"3402\">Los datos personales se conservar\u00e1n \u00fanicamente durante el tiempo necesario para cumplir con la finalidad que motiv\u00f3 su obtenci\u00f3n o seg\u00fan lo exijan las normas legales y regulatorias.<br data-start=\"3310\" data-end=\"3313\" \/>Una vez concluido dicho periodo, los datos ser\u00e1n eliminados de forma segura y permanente.<\/p>\n<hr data-start=\"3404\" data-end=\"3407\" \/>\n<h2 data-start=\"3409\" data-end=\"3455\"><strong data-start=\"3412\" data-end=\"3455\">7. Transferencia y Divulgaci\u00f3n de Datos<\/strong><\/h2>\n<p data-start=\"3456\" data-end=\"3570\">Marcus Dickey &amp; Asociados no comercializa, vende ni alquila informaci\u00f3n personal.<br data-start=\"3537\" data-end=\"3540\" \/>Solo compartimos datos cuando:<\/p>\n<ul data-start=\"3572\" data-end=\"3800\">\n<li data-start=\"3572\" data-end=\"3642\">\n<p data-start=\"3574\" data-end=\"3642\">Sea requerido por una autoridad judicial o regulatoria competente.<\/p>\n<\/li>\n<li data-start=\"3643\" data-end=\"3742\">\n<p data-start=\"3645\" data-end=\"3742\">Sea necesario para la ejecuci\u00f3n de un servicio o procedimiento legal solicitado por el cliente.<\/p>\n<\/li>\n<li data-start=\"3743\" data-end=\"3800\">\n<p data-start=\"3745\" data-end=\"3800\">Exista consentimiento expreso del titular de los datos.<\/p>\n<\/li>\n<\/ul>\n<p data-start=\"3802\" data-end=\"3928\">En caso de transferencias internacionales, se garantiza el cumplimiento de las leyes de protecci\u00f3n de datos del pa\u00eds receptor.<\/p>\n<hr data-start=\"3930\" data-end=\"3933\" \/>\n<h2 data-start=\"3935\" data-end=\"3972\"><strong data-start=\"3938\" data-end=\"3972\">8. Seguridad de la Informaci\u00f3n<\/strong><\/h2>\n<p data-start=\"3973\" data-end=\"4267\">Implementamos medidas t\u00e9cnicas, administrativas y organizativas de seguridad para proteger la informaci\u00f3n contra accesos no autorizados, p\u00e9rdida, alteraci\u00f3n o divulgaci\u00f3n indebida.<br data-start=\"4153\" data-end=\"4156\" \/>Estas medidas incluyen cifrado, controles de acceso, auditor\u00edas internas y protocolos de almacenamiento seguro.<\/p>\n<hr data-start=\"4269\" data-end=\"4272\" \/>\n<h2 data-start=\"4274\" data-end=\"4304\"><strong data-start=\"4277\" data-end=\"4304\">9. Derechos del Usuario<\/strong><\/h2>\n<p data-start=\"4305\" data-end=\"4388\">El titular de los datos puede ejercer en cualquier momento los siguientes derechos:<\/p>\n<ul data-start=\"4390\" data-end=\"4754\">\n<li data-start=\"4390\" data-end=\"4446\">\n<p data-start=\"4392\" data-end=\"4446\">Acceso: Conocer qu\u00e9 informaci\u00f3n personal mantenemos.<\/p>\n<\/li>\n<li data-start=\"4447\" data-end=\"4524\">\n<p data-start=\"4449\" data-end=\"4524\">Rectificaci\u00f3n: Solicitar correcci\u00f3n de datos inexactos o desactualizados.<\/p>\n<\/li>\n<li data-start=\"4525\" data-end=\"4603\">\n<p data-start=\"4527\" data-end=\"4603\">Supresi\u00f3n: Pedir la eliminaci\u00f3n de sus datos cuando ya no sean necesarios.<\/p>\n<\/li>\n<li data-start=\"4604\" data-end=\"4678\">\n<p data-start=\"4606\" data-end=\"4678\">Oposici\u00f3n: Negarse al uso de sus datos bajo ciertos supuestos legales.<\/p>\n<\/li>\n<li data-start=\"4679\" data-end=\"4754\">\n<p data-start=\"4681\" data-end=\"4754\">Portabilidad: Solicitar copia de sus datos en formato electr\u00f3nico seguro.<\/p>\n<\/li>\n<\/ul>\n<p data-start=\"4756\" data-end=\"4934\">Para ejercer estos derechos, el titular puede comunicarse directamente a <strong data-start=\"4829\" data-end=\"4854\"><a class=\"decorated-link cursor-pointer\" rel=\"noopener\" data-start=\"4831\" data-end=\"4852\">info@marcusdickey.com<\/a><\/strong>, indicando el derecho que desea ejercer y adjuntando una identificaci\u00f3n v\u00e1lida.<\/p>\n<hr data-start=\"4936\" data-end=\"4939\" \/>\n<h2 data-start=\"4941\" data-end=\"4990\"><strong data-start=\"4944\" data-end=\"4990\">10. Uso de Cookies y Tecnolog\u00edas Similares<\/strong><\/h2>\n<p data-start=\"4991\" data-end=\"5277\">Nuestro sitio web puede utilizar cookies y herramientas anal\u00edticas con fines estad\u00edsticos o de mejora de la experiencia del usuario.<br data-start=\"5123\" data-end=\"5126\" \/>El usuario puede configurar su navegador para rechazar o eliminar cookies en cualquier momento, aunque esto podr\u00eda limitar algunas funciones del sitio.<\/p>\n<hr data-start=\"5279\" data-end=\"5282\" \/>\n<h2 data-start=\"5284\" data-end=\"5313\"><strong data-start=\"5287\" data-end=\"5313\">11. Enlaces a Terceros<\/strong><\/h2>\n<p data-start=\"5314\" data-end=\"5595\">Este sitio web puede contener enlaces a otros sitios externos. Marcus Dickey &amp; Asociados no se responsabiliza por las pr\u00e1cticas de privacidad ni por el contenido de dichos sitios. Se recomienda revisar sus respectivas pol\u00edticas antes de proporcionar cualquier informaci\u00f3n personal.<\/p>\n<hr data-start=\"5597\" data-end=\"5600\" \/>\n<h2 data-start=\"5602\" data-end=\"5643\"><strong data-start=\"5605\" data-end=\"5643\">12. Actualizaciones de la Pol\u00edtica<\/strong><\/h2>\n<p data-start=\"5644\" data-end=\"5868\">Nos reservamos el derecho de actualizar o modificar esta Pol\u00edtica de Privacidad en cualquier momento.<br data-start=\"5745\" data-end=\"5748\" \/>La versi\u00f3n m\u00e1s reciente estar\u00e1 siempre disponible en nuestro sitio web y entrar\u00e1 en vigor desde su fecha de publicaci\u00f3n.<\/p>\n<hr data-start=\"5870\" data-end=\"5873\" \/>\n<h2 data-start=\"5875\" data-end=\"5894\"><strong data-start=\"5878\" data-end=\"5894\">13. Contacto<\/strong><\/h2>\n<p data-start=\"5895\" data-end=\"6046\">Para consultas relacionadas con esta pol\u00edtica o con el uso de sus datos personales, puede comunicarse con nosotros en:<br data-start=\"6013\" data-end=\"6016\" \/>\ud83d\udce7 <strong data-start=\"6019\" data-end=\"6044\"><a class=\"decorated-link cursor-pointer\" rel=\"noopener\" data-start=\"6021\" data-end=\"6042\">info@marcusdickey.com<\/a><\/strong><\/p>\n<p>[\/vc_column_text][\/vc_column][\/vc_row]<\/p>\n<\/div>","protected":false},"excerpt":{"rendered":"<p>[vc_row][vc_column][vc_column_text] 1. Introducci\u00f3n En Marcus Dickey &amp; Asociados valoramos y respetamos la privacidad de nuestros clientes, usuarios y visitantes.La presente Pol\u00edtica de Privacidad describe c\u00f3mo recopilamos, utilizamos, protegemos y gestionamos la informaci\u00f3n personal que se obtiene a trav\u00e9s de nuestros canales digitales, formularios de contacto, servicios legales o comunicaciones electr\u00f3nicas. Al acceder o utilizar nuestros<\/p>\n","protected":false},"author":1,"featured_media":0,"parent":0,"menu_order":0,"comment_status":"closed","ping_status":"open","template":"","meta":{"footnotes":""},"class_list":["post-3","page","type-page","status-publish","hentry"],"_hostinger_reach_plugin_has_subscription_block":false,"_hostinger_reach_plugin_is_elementor":false,"_links":{"self":[{"href":"https:\/\/marcusdickey.com\/index.php?rest_route=\/wp\/v2\/pages\/3","targetHints":{"allow":["GET"]}}],"collection":[{"href":"https:\/\/marcusdickey.com\/index.php?rest_route=\/wp\/v2\/pages"}],"about":[{"href":"https:\/\/marcusdickey.com\/index.php?rest_route=\/wp\/v2\/types\/page"}],"author":[{"embeddable":true,"href":"https:\/\/marcusdickey.com\/index.php?rest_route=\/wp\/v2\/users\/1"}],"replies":[{"embeddable":true,"href":"https:\/\/marcusdickey.com\/index.php?rest_route=%2Fwp%2Fv2%2Fcomments&post=3"}],"version-history":[{"count":4,"href":"https:\/\/marcusdickey.com\/index.php?rest_route=\/wp\/v2\/pages\/3\/revisions"}],"predecessor-version":[{"id":860,"href":"https:\/\/marcusdickey.com\/index.php?rest_route=\/wp\/v2\/pages\/3\/revisions\/860"}],"wp:attachment":[{"href":"https:\/\/marcusdickey.com\/index.php?rest_route=%2Fwp%2Fv2%2Fmedia&parent=3"}],"curies":[{"name":"wp","href":"https:\/\/api.w.org\/{rel}","templated":true}]}}