{"id":220,"date":"2018-04-09T11:27:56","date_gmt":"2018-04-09T11:27:56","guid":{"rendered":"https:\/\/dahzthemes.com\/diacara\/?page_id=71"},"modified":"2025-10-28T22:00:31","modified_gmt":"2025-10-28T22:00:31","slug":"marcus-dickey","status":"publish","type":"page","link":"https:\/\/marcusdickey.com\/?page_id=220","title":{"rendered":"Marcus Dickey"},"content":{"rendered":"<div class=\"wpb-content-wrapper\"><p>[vc_row row_stretch=&#8221;uk-container-expand uk-padding-remove-horizontal&#8221; row_custom_media_type=&#8221;image&#8221; row_bottom_shape_divider=&#8221;&#8221; dahz_id=&#8221;1761237662048-7f69cf06-0146&#8243;][vc_column column_custom_media_type=&#8221;image&#8221; width=&#8221;2\/3&#8243; column_sticky_breakpoint=&#8221;@l&#8221; column_enable_sticky=&#8221;true&#8221;]<div data-dahz-shortcode-key=\"1523274412250-aaa968ab-884e\" style=\"\" class=\"de-shortcode__wrapper de-shortcode__wrapper--dahz_single_image uk-margin-uk-margin\">\r\n\t<a class=\"de-single-image__wrapper uk-flex uk-flex-center\">\r\n\t<div>\r\n\t\t<img loading=\"lazy\" decoding=\"async\" width=\"1200\" height=\"1197\" src=\"https:\/\/marcusdickey.com\/wp-content\/uploads\/2025\/10\/1-2.png\" class=\"   attachment-full\" alt=\"\" title=\"1\" srcset=\"https:\/\/marcusdickey.com\/wp-content\/uploads\/2025\/10\/1-2.png 1200w, https:\/\/marcusdickey.com\/wp-content\/uploads\/2025\/10\/1-2-300x300.png 300w, https:\/\/marcusdickey.com\/wp-content\/uploads\/2025\/10\/1-2-1024x1021.png 1024w, https:\/\/marcusdickey.com\/wp-content\/uploads\/2025\/10\/1-2-150x150.png 150w, https:\/\/marcusdickey.com\/wp-content\/uploads\/2025\/10\/1-2-768x766.png 768w, https:\/\/marcusdickey.com\/wp-content\/uploads\/2025\/10\/1-2-100x100.png 100w\" sizes=\"auto, (max-width: 1200px) 100vw, 1200px\" \/>\t<\/div>\r\n<\/a>\r\n<\/div>\r\n[\/vc_column][vc_column column_padding=&#8221;large&#8221; width=&#8221;1\/3&#8243; css=&#8221;.vc_custom_1523363594706{padding-top: 60px !important;}&#8221;][vc_custom_heading text=&#8221;Marcus Dickey&#8221; font_container=&#8221;tag:h1|font_size:46px|text_align:left|line_height:1.25&#8243; use_theme_fonts=&#8221;yes&#8221; margin=&#8221;uk-margin-remove&#8221; dahz_id=&#8221;1761237662097-1f93b057-569b&#8221;][vc_custom_heading text=&#8221;Abogado Penalista y Comercial&#8221; font_container=&#8221;tag:h4|font_size:25px|text_align:left|line_height:1.25&#8243; use_theme_fonts=&#8221;yes&#8221; dahz_id=&#8221;1761237662139-9164070b-03ae&#8221;][vc_custom_heading text=&#8221;Visi\u00f3n, compromiso y liderazgo en el derecho digital y comercial internacional.&#8221; font_container=&#8221;tag:h4|font_size:25px|text_align:left|color:%23c1c1c1|line_height:1.25&#8243; use_theme_fonts=&#8221;yes&#8221; dahz_id=&#8221;1761237662114-0d12cd33-3696&#8243;][vc_column_text]<\/p>\n<p data-start=\"523\" data-end=\"1020\">Marcus Dickey es un abogado con una s\u00f3lida trayectoria en litigios comerciales y delitos financieros internacionales. Su carrera ha estado guiada por una filosof\u00eda clara: la justicia debe ser accesible, moderna y humana.<br data-start=\"743\" data-end=\"746\" \/>Desde los primeros a\u00f1os de su pr\u00e1ctica profesional, Marcus se especializ\u00f3 en casos de fraude financiero, disputas internacionales y recuperaci\u00f3n de activos, convirti\u00e9ndose en un referente en la defensa de v\u00edctimas de estafas digitales y conflictos empresariales complejos.<\/p>\n<p data-start=\"1022\" data-end=\"1409\">Con una mentalidad innovadora, Marcus impuls\u00f3 la creaci\u00f3n de una firma legal digital que combina el conocimiento jur\u00eddico tradicional con tecnolog\u00eda avanzada, ofreciendo atenci\u00f3n personalizada en toda Europa y Latinoam\u00e9rica.<br data-start=\"1246\" data-end=\"1249\" \/>Su enfoque est\u00e1 centrado en la empat\u00eda, la \u00e9tica y la eficacia, asegurando que cada cliente reciba apoyo real y orientaci\u00f3n estrat\u00e9gica en situaciones cr\u00edticas.<\/p>\n<p>[\/vc_column_text]<div data-dahz-shortcode-key=\"1523273629463-592dd16d-75da\" style=\"\" class=\"de-shortcode__wrapper de-shortcode__wrapper--dahz_single_image uk-margin-uk-margin-remove uk-margin-remove-top\">\r\n\t<a class=\"de-single-image__wrapper uk-flex uk-flex-left\">\r\n\t<div>\r\n\t\t<img decoding=\"async\" class=\"   \" src=\"https:\/\/marcusdickey.com\/wp-content\/uploads\/2025\/10\/Marcus-Signature-350x98.png\" width=\"350\" height=\"98\" alt=\"Marcus Signature\" title=\"Marcus Signature\" loading=\"lazy\" \/>\t<\/div>\r\n<\/a>\r\n<\/div>\r\n[vc_custom_heading text=&#8221;Educaci\u00f3n y Admisi\u00f3n Judicial&#8221; font_container=&#8221;tag:h4|font_size:25px|text_align:left|line_height:1.25&#8243; use_theme_fonts=&#8221;yes&#8221; dahz_id=&#8221;1761238567490-faf2ce5e-c817&#8243;][vc_column_text]<\/p>\n<p data-start=\"1290\" data-end=\"1733\">Marcus realiz\u00f3 sus estudios en Nueva Zelanda, donde complet\u00f3 su formaci\u00f3n en Derecho y fue admitido ante el <strong data-start=\"1398\" data-end=\"1436\">Tribunal Superior de Nueva Zelanda<\/strong>.<br data-start=\"1437\" data-end=\"1440\" \/>Posteriormente ampli\u00f3 su preparaci\u00f3n en Derecho Comercial Internacional y Resoluci\u00f3n de Conflictos, lo que le permiti\u00f3 adquirir una visi\u00f3n global del sistema jur\u00eddico.<br data-start=\"1607\" data-end=\"1610\" \/>Gracias a su experiencia y m\u00e9ritos profesionales, tambi\u00e9n cuenta con habilitaci\u00f3n para ejercer en <strong data-start=\"1708\" data-end=\"1730\">Inglaterra y Gales<\/strong>.<\/p>\n<p data-start=\"1735\" data-end=\"1903\">Su formaci\u00f3n combina el rigor acad\u00e9mico con una profunda comprensi\u00f3n de los desaf\u00edos legales modernos, en especial los relacionados con el entorno digital y financiero.<\/p>\n<p>[\/vc_column_text][vc_custom_heading text=&#8221;Liderazgo, Membres\u00edas y Reconocimientos&#8221; font_container=&#8221;tag:h4|font_size:25px|text_align:left|line_height:1.25&#8243; use_theme_fonts=&#8221;yes&#8221; dahz_id=&#8221;1761237662159-b27be122-beed&#8221;][vc_column_text]<\/p>\n<p data-start=\"1959\" data-end=\"2318\">A lo largo de su carrera, Marcus ha liderado proyectos internacionales de asesor\u00eda legal y ha participado en redes profesionales de abogados dedicados al derecho tecnol\u00f3gico y financiero.<br data-start=\"2146\" data-end=\"2149\" \/>Ha sido reconocido por su liderazgo \u00e9tico, su compromiso con la transparencia y su capacidad para construir equipos interdisciplinarios orientados a resultados reales.<\/p>\n<p data-start=\"2320\" data-end=\"2597\">Entre sus logros m\u00e1s destacados se encuentran la creaci\u00f3n de un modelo de atenci\u00f3n legal 100% virtual, la gesti\u00f3n exitosa de acuerdos internacionales y el reconocimiento de diversas organizaciones por su aporte al fortalecimiento del acceso a la justicia en entornos digitales.<\/p>\n<p>[\/vc_column_text][vc_custom_heading text=&#8221;Habilidades Profesionales&#8221; font_container=&#8221;tag:h4|font_size:25px|text_align:left|line_height:1.25&#8243; use_theme_fonts=&#8221;yes&#8221; dahz_id=&#8221;1761237662186-a3ae6668-5143&#8243;][vc_progress_bar values=&#8221;%5B%7B%22label%22%3A%22Investigaciones%20de%20Fraude%20Financiero%20Internacional%22%2C%22value%22%3A%2295%22%2C%22bar_color%22%3A%22%23977a3e%22%2C%22background_color%22%3A%22%23e1e1e1%22%7D%2C%7B%22label%22%3A%22Recuperaci%C3%B3n%20de%20Activos%20Digitales%22%2C%22value%22%3A%2290%22%2C%22bar_color%22%3A%22%23977a3e%22%2C%22background_color%22%3A%22%23e1e1e1%22%7D%2C%7B%22label%22%3A%22Asesor%C3%ADa%20Legal%20en%20Delitos%20Cibern%C3%A9ticos%22%2C%22value%22%3A%2288%22%2C%22bar_color%22%3A%22%23977a3e%22%2C%22background_color%22%3A%22%23e1e1e1%22%7D%2C%7B%22label%22%3A%22Litigios%20y%20Resoluci%C3%B3n%20de%20Conflictos%20Internacionales%22%2C%22value%22%3A%2285%22%2C%22bar_color%22%3A%22%23977a3e%22%2C%22background_color%22%3A%22%23e1e1e1%22%7D%5D&#8221; border_radius=&#8221;1&#8243;][vc_empty_space][\/vc_column][\/vc_row]<\/p>\n<\/div>","protected":false},"excerpt":{"rendered":"<p>[vc_row row_stretch=&#8221;uk-container-expand uk-padding-remove-horizontal&#8221; row_custom_media_type=&#8221;image&#8221; row_bottom_shape_divider=&#8221;&#8221; dahz_id=&#8221;1761237662048-7f69cf06-0146&#8243;][vc_column column_custom_media_type=&#8221;image&#8221; width=&#8221;2\/3&#8243; column_sticky_breakpoint=&#8221;@l&#8221; column_enable_sticky=&#8221;true&#8221;][\/vc_column][vc_column column_padding=&#8221;large&#8221; width=&#8221;1\/3&#8243; css=&#8221;.vc_custom_1523363594706{padding-top: 60px !important;}&#8221;][vc_custom_heading text=&#8221;Marcus Dickey&#8221; font_container=&#8221;tag:h1|font_size:46px|text_align:left|line_height:1.25&#8243; use_theme_fonts=&#8221;yes&#8221; margin=&#8221;uk-margin-remove&#8221; dahz_id=&#8221;1761237662097-1f93b057-569b&#8221;][vc_custom_heading text=&#8221;Abogado Penalista y Comercial&#8221; font_container=&#8221;tag:h4|font_size:25px|text_align:left|line_height:1.25&#8243; use_theme_fonts=&#8221;yes&#8221; dahz_id=&#8221;1761237662139-9164070b-03ae&#8221;][vc_custom_heading text=&#8221;Visi\u00f3n, compromiso y liderazgo en el derecho digital y comercial internacional.&#8221; font_container=&#8221;tag:h4|font_size:25px|text_align:left|color:%23c1c1c1|line_height:1.25&#8243; use_theme_fonts=&#8221;yes&#8221; dahz_id=&#8221;1761237662114-0d12cd33-3696&#8243;][vc_column_text] Marcus Dickey es un abogado con una s\u00f3lida trayectoria en litigios comerciales y<\/p>\n","protected":false},"author":1,"featured_media":0,"parent":211,"menu_order":0,"comment_status":"closed","ping_status":"closed","template":"","meta":{"footnotes":""},"class_list":["post-220","page","type-page","status-publish","hentry"],"_hostinger_reach_plugin_has_subscription_block":false,"_hostinger_reach_plugin_is_elementor":false,"_links":{"self":[{"href":"https:\/\/marcusdickey.com\/index.php?rest_route=\/wp\/v2\/pages\/220","targetHints":{"allow":["GET"]}}],"collection":[{"href":"https:\/\/marcusdickey.com\/index.php?rest_route=\/wp\/v2\/pages"}],"about":[{"href":"https:\/\/marcusdickey.com\/index.php?rest_route=\/wp\/v2\/types\/page"}],"author":[{"embeddable":true,"href":"https:\/\/marcusdickey.com\/index.php?rest_route=\/wp\/v2\/users\/1"}],"replies":[{"embeddable":true,"href":"https:\/\/marcusdickey.com\/index.php?rest_route=%2Fwp%2Fv2%2Fcomments&post=220"}],"version-history":[{"count":21,"href":"https:\/\/marcusdickey.com\/index.php?rest_route=\/wp\/v2\/pages\/220\/revisions"}],"predecessor-version":[{"id":881,"href":"https:\/\/marcusdickey.com\/index.php?rest_route=\/wp\/v2\/pages\/220\/revisions\/881"}],"up":[{"embeddable":true,"href":"https:\/\/marcusdickey.com\/index.php?rest_route=\/wp\/v2\/pages\/211"}],"wp:attachment":[{"href":"https:\/\/marcusdickey.com\/index.php?rest_route=%2Fwp%2Fv2%2Fmedia&parent=220"}],"curies":[{"name":"wp","href":"https:\/\/api.w.org\/{rel}","templated":true}]}}