{"id":208,"date":"2018-04-16T02:08:08","date_gmt":"2018-04-16T02:08:08","guid":{"rendered":"https:\/\/dahzthemes.com\/diacara\/?page_id=1480"},"modified":"2025-10-27T22:34:16","modified_gmt":"2025-10-27T22:34:16","slug":"contact-v1","status":"publish","type":"page","link":"https:\/\/marcusdickey.com\/?page_id=208","title":{"rendered":"Contactanos"},"content":{"rendered":"<div class=\"wpb-content-wrapper\"><p>[vc_section section_custom_media_type=&#8221;image&#8221; section_background_image_size=&#8221;uk-background-cover&#8221; section_bottom_shape_divider=&#8221;&#8221; dahz_id=&#8221;1761601834759-9a6733d3-79c3&#8243; css=&#8221;.vc_custom_1761602391910{background-color: #141418 !important;}&#8221; section_color_overlay=&#8221;rgba(20,20,24,0.8)&#8221; section_background_image=&#8221;721&#8243;][vc_row row_enable_full_height=&#8221;true&#8221; row_column_position=&#8221;uk-flex-middle&#8221; row_column_content_position=&#8221;uk-flex-middle&#8221; row_bottom_shape_divider=&#8221;&#8221; dahz_id=&#8221;1761601834764-3c03a566-081d&#8221;][vc_column width=&#8221;1\/2&#8243;][vc_custom_heading text=&#8221;Ning\u00fan Caso es Demasiado Complejo para Nosotros&#8221; font_container=&#8221;tag:h2|text_align:left|color:%23ffffff&#8221; use_theme_fonts=&#8221;yes&#8221; margin=&#8221;uk-margin-remove&#8221; dahz_id=&#8221;1761601834795-5496a630-4c85&#8243;][vc_column_text margin=&#8221;uk-margin-remove&#8221;]<span style=\"color: #ffffff;\">Cada historia es \u00fanica, y cada cliente merece una soluci\u00f3n justa.<br \/>\nNuestro equipo asume los casos m\u00e1s desafiantes con determinaci\u00f3n, empat\u00eda y estrategia, buscando siempre la verdad detr\u00e1s de cada situaci\u00f3n.<\/span><\/p>\n<p><span style=\"color: #ffffff;\">Hemos acompa\u00f1ado a personas y empresas en procesos legales de alta complejidad, resolviendo disputas internacionales, fraudes financieros y conflictos regulatorios con un enfoque humano y transparente.<\/span><\/p>\n<p><span style=\"color: #ffffff;\">Cuando la situaci\u00f3n parece imposible, ah\u00ed es donde comenzamos a trabajar.<\/span>[\/vc_column_text]<div data-dahz-shortcode-key=\"1524218677486-6936eaaf-9b8a\" style=\"margin-left: 0px;\" class=\"de-shortcode__wrapper de-shortcode__wrapper--button uk-margin-uk-margin uk-inline\">\r\n\t<a href=\"#bottom\" data-uk-scroll=\"\" class=\"de-btn de-btn--text de-btn--large\" target=\"scroll\" style=\"color: #ffffff;\">\r\n\t<span >\r\n\t\t\t\t\t\t\t<span>Cont\u00e1ctanos<\/span>\r\n\t\t\t\t\t<\/span>\r\n<\/a>\r\n<\/div>\r\n[\/vc_column][vc_column width=&#8221;1\/2&#8243;][\/vc_column][\/vc_row][\/vc_section][vc_row row_bottom_shape_divider=&#8221;&#8221; dahz_id=&#8221;1524218719929-4d00c16f-3df5&#8243; el_id=&#8221;bottom&#8221;][vc_column][\/vc_column][\/vc_row][vc_row dahz_id=&#8221;1524212670368-34719a34-45b2&#8243;][vc_column][\/vc_column][\/vc_row][vc_section dahz_id=&#8221;1524290645038-a8506b8f-8648&#8243;][vc_row row_column_gap=&#8221;uk-grid-large&#8221; row_bottom_shape_divider=&#8221;&#8221; dahz_id=&#8221;1524290702327-90488ba1-7f18&#8243;][vc_column column_padding=&#8221;small&#8221; width=&#8221;1\/2&#8243;]<div data-dahz-shortcode-key=\"1523961546179-ba83fae5-adc5\" style=\"\" class=\"de-shortcode__wrapper de-shortcode__wrapper--google_maps uk-margin-uk-margin\">\r\n\t<div id=\"1523961546179-ba83fae5-adc5\" class=\"\" style=\"width: 100%; height: 80vh;\"><\/div>\r\n<script>\r\n\t!function($) {\r\n\t\tvar url = 'https:\/\/maps.googleapis.com\/maps\/api\/js?key=';\r\n\t\t$.getScript( url, function( data, textStatus, jqxhr ) {\r\n\t\t\tvar options = {\"api\":\"\",\"height\":\"80vh\",\"type\":\"ROADMAP\",\"lat\":\"39.15822\",\"long\":\"-75.52326\",\"zoom\":\"15\",\"scrollwheel\":\"\",\"streetviewcontrol\":\"false\",\"maptypecontrol\":\"false\",\"pancontrol\":\"false\",\"zoomcontrol\":\"false\",\"zoomcontrolsize\":\"SMALL\",\"disabledragmobile\":\"false\",\"infowindow\":\"\",\"style\":\"JTVCJTBBJTIwJTIwJTdCJTBBJTIwJTIwJTIwJTIwJTIyZWxlbWVudFR5cGUlMjIlM0ElMjAlMjJnZW9tZXRyeSUyMiUyQyUwQSUyMCUyMCUyMCUyMCUyMnN0eWxlcnMlMjIlM0ElMjAlNUIlMEElMjAlMjAlMjAlMjAlMjAlMjAlN0IlMEElMjAlMjAlMjAlMjAlMjAlMjAlMjAlMjAlMjJjb2xvciUyMiUzQSUyMCUyMiUyM2Y1ZjVmNSUyMiUwQSUyMCUyMCUyMCUyMCUyMCUyMCU3RCUwQSUyMCUyMCUyMCUyMCU1RCUwQSUyMCUyMCU3RCUyQyUwQSUyMCUyMCU3QiUwQSUyMCUyMCUyMCUyMCUyMmVsZW1lbnRUeXBlJTIyJTNBJTIwJTIybGFiZWxzLmljb24lMjIlMkMlMEElMjAlMjAlMjAlMjAlMjJzdHlsZXJzJTIyJTNBJTIwJTVCJTBBJTIwJTIwJTIwJTIwJTIwJTIwJTdCJTBBJTIwJTIwJTIwJTIwJTIwJTIwJTIwJTIwJTIydmlzaWJpbGl0eSUyMiUzQSUyMCUyMm9mZiUyMiUwQSUyMCUyMCUyMCUyMCUyMCUyMCU3RCUwQSUyMCUyMCUyMCUyMCU1RCUwQSUyMCUyMCU3RCUyQyUwQSUyMCUyMCU3QiUwQSUyMCUyMCUyMCUyMCUyMmVsZW1lbnRUeXBlJTIyJTNBJTIwJTIybGFiZWxzLnRleHQuZmlsbCUyMiUyQyUwQSUyMCUyMCUyMCUyMCUyMnN0eWxlcnMlMjIlM0ElMjAlNUIlMEElMjAlMjAlMjAlMjAlMjAlMjAlN0IlMEElMjAlMjAlMjAlMjAlMjAlMjAlMjAlMjAlMjJjb2xvciUyMiUzQSUyMCUyMiUyMzYxNjE2MSUyMiUwQSUyMCUyMCUyMCUyMCUyMCUyMCU3RCUwQSUyMCUyMCUyMCUyMCU1RCUwQSUyMCUyMCU3RCUyQyUwQSUyMCUyMCU3QiUwQSUyMCUyMCUyMCUyMCUyMmVsZW1lbnRUeXBlJTIyJTNBJTIwJTIybGFiZWxzLnRleHQuc3Ryb2tlJTIyJTJDJTBBJTIwJTIwJTIwJTIwJTIyc3R5bGVycyUyMiUzQSUyMCU1QiUwQSUyMCUyMCUyMCUyMCUyMCUyMCU3QiUwQSUyMCUyMCUyMCUyMCUyMCUyMCUyMCUyMCUyMmNvbG9yJTIyJTNBJTIwJTIyJTIzZjVmNWY1JTIyJTBBJTIwJTIwJTIwJTIwJTIwJTIwJTdEJTBBJTIwJTIwJTIwJTIwJTVEJTBBJTIwJTIwJTdEJTJDJTBBJTIwJTIwJTdCJTBBJTIwJTIwJTIwJTIwJTIyZmVhdHVyZVR5cGUlMjIlM0ElMjAlMjJhZG1pbmlzdHJhdGl2ZS5sYW5kX3BhcmNlbCUyMiUyQyUwQSUyMCUyMCUyMCUyMCUyMmVsZW1lbnRUeXBlJTIyJTNBJTIwJTIybGFiZWxzLnRleHQuZmlsbCUyMiUyQyUwQSUyMCUyMCUyMCUyMCUyMnN0eWxlcnMlMjIlM0ElMjAlNUIlMEElMjAlMjAlMjAlMjAlMjAlMjAlN0IlMEElMjAlMjAlMjAlMjAlMjAlMjAlMjAlMjAlMjJjb2xvciUyMiUzQSUyMCUyMiUyM2JkYmRiZCUyMiUwQSUyMCUyMCUyMCUyMCUyMCUyMCU3RCUwQSUyMCUyMCUyMCUyMCU1RCUwQSUyMCUyMCU3RCUyQyUwQSUyMCUyMCU3QiUwQSUyMCUyMCUyMCUyMCUyMmZlYXR1cmVUeXBlJTIyJTNBJTIwJTIycG9pJTIyJTJDJTBBJTIwJTIwJTIwJTIwJTIyZWxlbWVudFR5cGUlMjIlM0ElMjAlMjJnZW9tZXRyeSUyMiUyQyUwQSUyMCUyMCUyMCUyMCUyMnN0eWxlcnMlMjIlM0ElMjAlNUIlMEElMjAlMjAlMjAlMjAlMjAlMjAlN0IlMEElMjAlMjAlMjAlMjAlMjAlMjAlMjAlMjAlMjJjb2xvciUyMiUzQSUyMCUyMiUyM2VlZWVlZSUyMiUwQSUyMCUyMCUyMCUyMCUyMCUyMCU3RCUwQSUyMCUyMCUyMCUyMCU1RCUwQSUyMCUyMCU3RCUyQyUwQSUyMCUyMCU3QiUwQSUyMCUyMCUyMCUyMCUyMmZlYXR1cmVUeXBlJTIyJTNBJTIwJTIycG9pJTIyJTJDJTBBJTIwJTIwJTIwJTIwJTIyZWxlbWVudFR5cGUlMjIlM0ElMjAlMjJsYWJlbHMudGV4dC5maWxsJTIyJTJDJTBBJTIwJTIwJTIwJTIwJTIyc3R5bGVycyUyMiUzQSUyMCU1QiUwQSUyMCUyMCUyMCUyMCUyMCUyMCU3QiUwQSUyMCUyMCUyMCUyMCUyMCUyMCUyMCUyMCUyMmNvbG9yJTIyJTNBJTIwJTIyJTIzNzU3NTc1JTIyJTBBJTIwJTIwJTIwJTIwJTIwJTIwJTdEJTBBJTIwJTIwJTIwJTIwJTVEJTBBJTIwJTIwJTdEJTJDJTBBJTIwJTIwJTdCJTBBJTIwJTIwJTIwJTIwJTIyZmVhdHVyZVR5cGUlMjIlM0ElMjAlMjJwb2kucGFyayUyMiUyQyUwQSUyMCUyMCUyMCUyMCUyMmVsZW1lbnRUeXBlJTIyJTNBJTIwJTIyZ2VvbWV0cnklMjIlMkMlMEElMjAlMjAlMjAlMjAlMjJzdHlsZXJzJTIyJTNBJTIwJTVCJTBBJTIwJTIwJTIwJTIwJTIwJTIwJTdCJTBBJTIwJTIwJTIwJTIwJTIwJTIwJTIwJTIwJTIyY29sb3IlMjIlM0ElMjAlMjIlMjNlNWU1ZTUlMjIlMEElMjAlMjAlMjAlMjAlMjAlMjAlN0QlMEElMjAlMjAlMjAlMjAlNUQlMEElMjAlMjAlN0QlMkMlMEElMjAlMjAlN0IlMEElMjAlMjAlMjAlMjAlMjJmZWF0dXJlVHlwZSUyMiUzQSUyMCUyMnBvaS5wYXJrJTIyJTJDJTBBJTIwJTIwJTIwJTIwJTIyZWxlbWVudFR5cGUlMjIlM0ElMjAlMjJsYWJlbHMudGV4dC5maWxsJTIyJTJDJTBBJTIwJTIwJTIwJTIwJTIyc3R5bGVycyUyMiUzQSUyMCU1QiUwQSUyMCUyMCUyMCUyMCUyMCUyMCU3QiUwQSUyMCUyMCUyMCUyMCUyMCUyMCUyMCUyMCUyMmNvbG9yJTIyJTNBJTIwJTIyJTIzOWU5ZTllJTIyJTBBJTIwJTIwJTIwJTIwJTIwJTIwJTdEJTBBJTIwJTIwJTIwJTIwJTVEJTBBJTIwJTIwJTdEJTJDJTBBJTIwJTIwJTdCJTBBJTIwJTIwJTIwJTIwJTIyZmVhdHVyZVR5cGUlMjIlM0ElMjAlMjJyb2FkJTIyJTJDJTBBJTIwJTIwJTIwJTIwJTIyZWxlbWVudFR5cGUlMjIlM0ElMjAlMjJnZW9tZXRyeSUyMiUyQyUwQSUyMCUyMCUyMCUyMCUyMnN0eWxlcnMlMjIlM0ElMjAlNUIlMEElMjAlMjAlMjAlMjAlMjAlMjAlN0IlMEElMjAlMjAlMjAlMjAlMjAlMjAlMjAlMjAlMjJjb2xvciUyMiUzQSUyMCUyMiUyM2ZmZmZmZiUyMiUwQSUyMCUyMCUyMCUyMCUyMCUyMCU3RCUwQSUyMCUyMCUyMCUyMCU1RCUwQSUyMCUyMCU3RCUyQyUwQSUyMCUyMCU3QiUwQSUyMCUyMCUyMCUyMCUyMmZlYXR1cmVUeXBlJTIyJTNBJTIwJTIycm9hZC5hcnRlcmlhbCUyMiUyQyUwQSUyMCUyMCUyMCUyMCUyMmVsZW1lbnRUeXBlJTIyJTNBJTIwJTIybGFiZWxzLnRleHQuZmlsbCUyMiUyQyUwQSUyMCUyMCUyMCUyMCUyMnN0eWxlcnMlMjIlM0ElMjAlNUIlMEElMjAlMjAlMjAlMjAlMjAlMjAlN0IlMEElMjAlMjAlMjAlMjAlMjAlMjAlMjAlMjAlMjJjb2xvciUyMiUzQSUyMCUyMiUyMzc1NzU3NSUyMiUwQSUyMCUyMCUyMCUyMCUyMCUyMCU3RCUwQSUyMCUyMCUyMCUyMCU1RCUwQSUyMCUyMCU3RCUyQyUwQSUyMCUyMCU3QiUwQSUyMCUyMCUyMCUyMCUyMmZlYXR1cmVUeXBlJTIyJTNBJTIwJTIycm9hZC5oaWdod2F5JTIyJTJDJTBBJTIwJTIwJTIwJTIwJTIyZWxlbWVudFR5cGUlMjIlM0ElMjAlMjJnZW9tZXRyeSUyMiUyQyUwQSUyMCUyMCUyMCUyMCUyMnN0eWxlcnMlMjIlM0ElMjAlNUIlMEElMjAlMjAlMjAlMjAlMjAlMjAlN0IlMEElMjAlMjAlMjAlMjAlMjAlMjAlMjAlMjAlMjJjb2xvciUyMiUzQSUyMCUyMiUyM2RhZGFkYSUyMiUwQSUyMCUyMCUyMCUyMCUyMCUyMCU3RCUwQSUyMCUyMCUyMCUyMCU1RCUwQSUyMCUyMCU3RCUyQyUwQSUyMCUyMCU3QiUwQSUyMCUyMCUyMCUyMCUyMmZlYXR1cmVUeXBlJTIyJTNBJTIwJTIycm9hZC5oaWdod2F5JTIyJTJDJTBBJTIwJTIwJTIwJTIwJTIyZWxlbWVudFR5cGUlMjIlM0ElMjAlMjJsYWJlbHMudGV4dC5maWxsJTIyJTJDJTBBJTIwJTIwJTIwJTIwJTIyc3R5bGVycyUyMiUzQSUyMCU1QiUwQSUyMCUyMCUyMCUyMCUyMCUyMCU3QiUwQSUyMCUyMCUyMCUyMCUyMCUyMCUyMCUyMCUyMmNvbG9yJTIyJTNBJTIwJTIyJTIzNjE2MTYxJTIyJTBBJTIwJTIwJTIwJTIwJTIwJTIwJTdEJTBBJTIwJTIwJTIwJTIwJTVEJTBBJTIwJTIwJTdEJTJDJTBBJTIwJTIwJTdCJTBBJTIwJTIwJTIwJTIwJTIyZmVhdHVyZVR5cGUlMjIlM0ElMjAlMjJyb2FkLmxvY2FsJTIyJTJDJTBBJTIwJTIwJTIwJTIwJTIyZWxlbWVudFR5cGUlMjIlM0ElMjAlMjJsYWJlbHMudGV4dC5maWxsJTIyJTJDJTBBJTIwJTIwJTIwJTIwJTIyc3R5bGVycyUyMiUzQSUyMCU1QiUwQSUyMCUyMCUyMCUyMCUyMCUyMCU3QiUwQSUyMCUyMCUyMCUyMCUyMCUyMCUyMCUyMCUyMmNvbG9yJTIyJTNBJTIwJTIyJTIzOWU5ZTllJTIyJTBBJTIwJTIwJTIwJTIwJTIwJTIwJTdEJTBBJTIwJTIwJTIwJTIwJTVEJTBBJTIwJTIwJTdEJTJDJTBBJTIwJTIwJTdCJTBBJTIwJTIwJTIwJTIwJTIyZmVhdHVyZVR5cGUlMjIlM0ElMjAlMjJ0cmFuc2l0LmxpbmUlMjIlMkMlMEElMjAlMjAlMjAlMjAlMjJlbGVtZW50VHlwZSUyMiUzQSUyMCUyMmdlb21ldHJ5JTIyJTJDJTBBJTIwJTIwJTIwJTIwJTIyc3R5bGVycyUyMiUzQSUyMCU1QiUwQSUyMCUyMCUyMCUyMCUyMCUyMCU3QiUwQSUyMCUyMCUyMCUyMCUyMCUyMCUyMCUyMCUyMmNvbG9yJTIyJTNBJTIwJTIyJTIzZTVlNWU1JTIyJTBBJTIwJTIwJTIwJTIwJTIwJTIwJTdEJTBBJTIwJTIwJTIwJTIwJTVEJTBBJTIwJTIwJTdEJTJDJTBBJTIwJTIwJTdCJTBBJTIwJTIwJTIwJTIwJTIyZmVhdHVyZVR5cGUlMjIlM0ElMjAlMjJ0cmFuc2l0LnN0YXRpb24lMjIlMkMlMEElMjAlMjAlMjAlMjAlMjJlbGVtZW50VHlwZSUyMiUzQSUyMCUyMmdlb21ldHJ5JTIyJTJDJTBBJTIwJTIwJTIwJTIwJTIyc3R5bGVycyUyMiUzQSUyMCU1QiUwQSUyMCUyMCUyMCUyMCUyMCUyMCU3QiUwQSUyMCUyMCUyMCUyMCUyMCUyMCUyMCUyMCUyMmNvbG9yJTIyJTNBJTIwJTIyJTIzZWVlZWVlJTIyJTBBJTIwJTIwJTIwJTIwJTIwJTIwJTdEJTBBJTIwJTIwJTIwJTIwJTVEJTBBJTIwJTIwJTdEJTJDJTBBJTIwJTIwJTdCJTBBJTIwJTIwJTIwJTIwJTIyZmVhdHVyZVR5cGUlMjIlM0ElMjAlMjJ3YXRlciUyMiUyQyUwQSUyMCUyMCUyMCUyMCUyMmVsZW1lbnRUeXBlJTIyJTNBJTIwJTIyZ2VvbWV0cnklMjIlMkMlMEElMjAlMjAlMjAlMjAlMjJzdHlsZXJzJTIyJTNBJTIwJTVCJTBBJTIwJTIwJTIwJTIwJTIwJTIwJTdCJTBBJTIwJTIwJTIwJTIwJTIwJTIwJTIwJTIwJTIyY29sb3IlMjIlM0ElMjAlMjIlMjNjOWM5YzklMjIlMEElMjAlMjAlMjAlMjAlMjAlMjAlN0QlMEElMjAlMjAlMjAlMjAlNUQlMEElMjAlMjAlN0QlMkMlMEElMjAlMjAlN0IlMEElMjAlMjAlMjAlMjAlMjJmZWF0dXJlVHlwZSUyMiUzQSUyMCUyMndhdGVyJTIyJTJDJTBBJTIwJTIwJTIwJTIwJTIyZWxlbWVudFR5cGUlMjIlM0ElMjAlMjJsYWJlbHMudGV4dC5maWxsJTIyJTJDJTBBJTIwJTIwJTIwJTIwJTIyc3R5bGVycyUyMiUzQSUyMCU1QiUwQSUyMCUyMCUyMCUyMCUyMCUyMCU3QiUwQSUyMCUyMCUyMCUyMCUyMCUyMCUyMCUyMCUyMmNvbG9yJTIyJTNBJTIwJTIyJTIzOWU5ZTllJTIyJTBBJTIwJTIwJTIwJTIwJTIwJTIwJTdEJTBBJTIwJTIwJTIwJTIwJTVEJTBBJTIwJTIwJTdEJTBBJTVE\",\"marker\":\"custom\",\"markericon\":\"731\",\"css_animation\":\"\",\"animation_parallax\":\"\",\"delay_animation\":\"\",\"repeat_animation\":\"\",\"el_class\":\"\",\"margin\":\"-uk-margin\",\"remove_top_margin\":\"\",\"remove_bottom_margin\":\"\",\"visibility\":\"\",\"enable_dahz_lazy_shortcode\":\"\",\"dahz_id\":\"1523961546179-ba83fae5-adc5\",\"labels\":\"https:\\\/\\\/marcusdickey.com\\\/wp-content\\\/uploads\\\/2025\\\/10\\\/Punto-mapa-1-206x300.png\",\"styles\":\"[\\n  {\\n    \\\"elementType\\\": \\\"geometry\\\",\\n    \\\"stylers\\\": [\\n      {\\n        \\\"color\\\": \\\"#f5f5f5\\\"\\n      }\\n    ]\\n  },\\n  {\\n    \\\"elementType\\\": \\\"labels.icon\\\",\\n    \\\"stylers\\\": [\\n      {\\n        \\\"visibility\\\": \\\"off\\\"\\n      }\\n    ]\\n  },\\n  {\\n    \\\"elementType\\\": \\\"labels.text.fill\\\",\\n    \\\"stylers\\\": [\\n      {\\n        \\\"color\\\": \\\"#616161\\\"\\n      }\\n    ]\\n  },\\n  {\\n    \\\"elementType\\\": \\\"labels.text.stroke\\\",\\n    \\\"stylers\\\": [\\n      {\\n        \\\"color\\\": \\\"#f5f5f5\\\"\\n      }\\n    ]\\n  },\\n  {\\n    \\\"featureType\\\": \\\"administrative.land_parcel\\\",\\n    \\\"elementType\\\": \\\"labels.text.fill\\\",\\n    \\\"stylers\\\": [\\n      {\\n        \\\"color\\\": \\\"#bdbdbd\\\"\\n      }\\n    ]\\n  },\\n  {\\n    \\\"featureType\\\": \\\"poi\\\",\\n    \\\"elementType\\\": \\\"geometry\\\",\\n    \\\"stylers\\\": [\\n      {\\n        \\\"color\\\": \\\"#eeeeee\\\"\\n      }\\n    ]\\n  },\\n  {\\n    \\\"featureType\\\": \\\"poi\\\",\\n    \\\"elementType\\\": \\\"labels.text.fill\\\",\\n    \\\"stylers\\\": [\\n      {\\n        \\\"color\\\": \\\"#757575\\\"\\n      }\\n    ]\\n  },\\n  {\\n    \\\"featureType\\\": \\\"poi.park\\\",\\n    \\\"elementType\\\": \\\"geometry\\\",\\n    \\\"stylers\\\": [\\n      {\\n        \\\"color\\\": \\\"#e5e5e5\\\"\\n      }\\n    ]\\n  },\\n  {\\n    \\\"featureType\\\": \\\"poi.park\\\",\\n    \\\"elementType\\\": \\\"labels.text.fill\\\",\\n    \\\"stylers\\\": [\\n      {\\n        \\\"color\\\": \\\"#9e9e9e\\\"\\n      }\\n    ]\\n  },\\n  {\\n    \\\"featureType\\\": \\\"road\\\",\\n    \\\"elementType\\\": \\\"geometry\\\",\\n    \\\"stylers\\\": [\\n      {\\n        \\\"color\\\": \\\"#ffffff\\\"\\n      }\\n    ]\\n  },\\n  {\\n    \\\"featureType\\\": \\\"road.arterial\\\",\\n    \\\"elementType\\\": \\\"labels.text.fill\\\",\\n    \\\"stylers\\\": [\\n      {\\n        \\\"color\\\": \\\"#757575\\\"\\n      }\\n    ]\\n  },\\n  {\\n    \\\"featureType\\\": \\\"road.highway\\\",\\n    \\\"elementType\\\": \\\"geometry\\\",\\n    \\\"stylers\\\": [\\n      {\\n        \\\"color\\\": \\\"#dadada\\\"\\n      }\\n    ]\\n  },\\n  {\\n    \\\"featureType\\\": \\\"road.highway\\\",\\n    \\\"elementType\\\": \\\"labels.text.fill\\\",\\n    \\\"stylers\\\": [\\n      {\\n        \\\"color\\\": \\\"#616161\\\"\\n      }\\n    ]\\n  },\\n  {\\n    \\\"featureType\\\": \\\"road.local\\\",\\n    \\\"elementType\\\": \\\"labels.text.fill\\\",\\n    \\\"stylers\\\": [\\n      {\\n        \\\"color\\\": \\\"#9e9e9e\\\"\\n      }\\n    ]\\n  },\\n  {\\n    \\\"featureType\\\": \\\"transit.line\\\",\\n    \\\"elementType\\\": \\\"geometry\\\",\\n    \\\"stylers\\\": [\\n      {\\n        \\\"color\\\": \\\"#e5e5e5\\\"\\n      }\\n    ]\\n  },\\n  {\\n    \\\"featureType\\\": \\\"transit.station\\\",\\n    \\\"elementType\\\": \\\"geometry\\\",\\n    \\\"stylers\\\": [\\n      {\\n        \\\"color\\\": \\\"#eeeeee\\\"\\n      }\\n    ]\\n  },\\n  {\\n    \\\"featureType\\\": \\\"water\\\",\\n    \\\"elementType\\\": \\\"geometry\\\",\\n    \\\"stylers\\\": [\\n      {\\n        \\\"color\\\": \\\"#c9c9c9\\\"\\n      }\\n    ]\\n  },\\n  {\\n    \\\"featureType\\\": \\\"water\\\",\\n    \\\"elementType\\\": \\\"labels.text.fill\\\",\\n    \\\"stylers\\\": [\\n      {\\n        \\\"color\\\": \\\"#9e9e9e\\\"\\n      }\\n    ]\\n  }\\n]\"},\r\n\t\t\t\t$container = document.getElementById( options.dahz_id );\r\n\t\t\toptions.lat = !isNaN( parseFloat( options.lat ) ) ? parseFloat( options.lat ) : 0;\r\n\t\t\toptions.long = !isNaN( parseFloat( options.lat ) ) ? parseFloat( options.long ) : 0;\r\n\t\t\toptions.styles = $.parseJSON( options.styles );\r\n\t\t\tvar map = new google.maps.Map(\r\n\t\t\t\t$container, {\r\n\t\t\t\t\tzoom              : parseInt( options.zoom ),\r\n\t\t\t\t\tcenter            : new google.maps.LatLng( options.lat, options.long ),\r\n\t\t\t\t\tmapTypeId         : google.maps.MapTypeId[options.type],\r\n\t\t\t\t\tstyles            : options.styles,\r\n\t\t\t\t\tstreetViewControl : options.streetviewcontrol,\r\n\t\t\t\t\tmapTypeControl    : options.maptypecontrol == 'true' ? true : false,\r\n\t\t\t\t\tpanControl        : options.pancontrol == 'true' ? true : false,\r\n\t\t\t\t\tzoomControl       : options.zoomcontrol == 'true' ? true : false,\r\n\t\t\t\t\tscrollwheel       : options.scrollwheel == 'true' ? false : true,\r\n\t\t\t\t\tdraggable         : options.disabledragmobile == 'true' && $(document).width() <= 641 ? false : true,\r\n\t\t\t\t\tzoomControlOptions\t: {\r\n\t\t\t\t\t\tstyle: google.maps.ZoomControlStyle[options.zoomcontrolsize]\r\n\t\t\t\t\t},\r\n\t\t\t\t}\r\n\t\t\t),\r\n\t\t\tmarker = new google.maps.Marker({\r\n\t\t\t\tposition: {\r\n\t\t\t\t\tlat: options.lat,\r\n\t\t\t\t\tlng: options.long\r\n\t\t\t\t},\r\n\t\t\t\ticon\t: options.labels\r\n\t\t\t});\r\n\t\t\tmarker.setMap( map );\r\n\t\t\tvar infowindow = new google.maps.InfoWindow({\r\n\t\t\t\tcontent: options.infowindow\r\n\t\t\t});\r\n\r\n\t\t\tmarker.addListener( 'click', function() {\r\n\t\t\t\tinfowindow.open( map, marker );\r\n\t\t\t});\r\n\t\t\t\r\n\t\t});\r\n\t}(window.jQuery);\r\n<\/script><\/div>\r\n[vc_empty_space][\/vc_column][vc_column column_padding=&#8221;small&#8221; width=&#8221;1\/2&#8243;][vc_custom_heading text=&#8221;Cont\u00e1ctanos&#8221; use_theme_fonts=&#8221;yes&#8221; margin=&#8221;uk-margin-remove&#8221; dahz_id=&#8221;1761601834952-3269b2c3-bb7e&#8221;][vc_column_text margin=&#8221;uk-margin-remove&#8221;]<\/p>\n<p data-start=\"418\" data-end=\"633\">A veces, una conversaci\u00f3n puede marcar la diferencia.<br data-start=\"471\" data-end=\"474\" \/>Si est\u00e1s atravesando una situaci\u00f3n legal compleja o simplemente necesitas orientaci\u00f3n, estamos aqu\u00ed para escucharte y ayudarte a encontrar una soluci\u00f3n real.<\/p>\n<p data-start=\"635\" data-end=\"781\">Cada caso es tratado con absoluta confidencialidad, respeto y compromiso.<br data-start=\"708\" data-end=\"711\" \/>Nuestro equipo te responder\u00e1 con la atenci\u00f3n y el cuidado que mereces.<\/p>\n<p>&nbsp;[\/vc_column_text][vc_column_text][kaliform id=&#8221;735&#8243;]<\/p>\n<p>&nbsp;[\/vc_column_text][\/vc_column][\/vc_row][\/vc_section]<\/p>\n<\/div>","protected":false},"excerpt":{"rendered":"<p>[vc_section section_custom_media_type=&#8221;image&#8221; section_background_image_size=&#8221;uk-background-cover&#8221; section_bottom_shape_divider=&#8221;&#8221; dahz_id=&#8221;1761601834759-9a6733d3-79c3&#8243; css=&#8221;.vc_custom_1761602391910{background-color: #141418 !important;}&#8221; section_color_overlay=&#8221;rgba(20,20,24,0.8)&#8221; section_background_image=&#8221;721&#8243;][vc_row row_enable_full_height=&#8221;true&#8221; row_column_position=&#8221;uk-flex-middle&#8221; row_column_content_position=&#8221;uk-flex-middle&#8221; row_bottom_shape_divider=&#8221;&#8221; dahz_id=&#8221;1761601834764-3c03a566-081d&#8221;][vc_column width=&#8221;1\/2&#8243;][vc_custom_heading text=&#8221;Ning\u00fan Caso es Demasiado Complejo para Nosotros&#8221; font_container=&#8221;tag:h2|text_align:left|color:%23ffffff&#8221; use_theme_fonts=&#8221;yes&#8221; margin=&#8221;uk-margin-remove&#8221; dahz_id=&#8221;1761601834795-5496a630-4c85&#8243;][vc_column_text margin=&#8221;uk-margin-remove&#8221;]Cada historia es \u00fanica, y cada cliente merece una soluci\u00f3n justa. Nuestro equipo asume los casos m\u00e1s desafiantes con determinaci\u00f3n, empat\u00eda y estrategia, buscando siempre la verdad detr\u00e1s<\/p>\n","protected":false},"author":1,"featured_media":0,"parent":0,"menu_order":0,"comment_status":"closed","ping_status":"closed","template":"","meta":{"footnotes":""},"class_list":["post-208","page","type-page","status-publish","hentry"],"_hostinger_reach_plugin_has_subscription_block":false,"_hostinger_reach_plugin_is_elementor":false,"_links":{"self":[{"href":"https:\/\/marcusdickey.com\/index.php?rest_route=\/wp\/v2\/pages\/208","targetHints":{"allow":["GET"]}}],"collection":[{"href":"https:\/\/marcusdickey.com\/index.php?rest_route=\/wp\/v2\/pages"}],"about":[{"href":"https:\/\/marcusdickey.com\/index.php?rest_route=\/wp\/v2\/types\/page"}],"author":[{"embeddable":true,"href":"https:\/\/marcusdickey.com\/index.php?rest_route=\/wp\/v2\/users\/1"}],"replies":[{"embeddable":true,"href":"https:\/\/marcusdickey.com\/index.php?rest_route=%2Fwp%2Fv2%2Fcomments&post=208"}],"version-history":[{"count":13,"href":"https:\/\/marcusdickey.com\/index.php?rest_route=\/wp\/v2\/pages\/208\/revisions"}],"predecessor-version":[{"id":737,"href":"https:\/\/marcusdickey.com\/index.php?rest_route=\/wp\/v2\/pages\/208\/revisions\/737"}],"wp:attachment":[{"href":"https:\/\/marcusdickey.com\/index.php?rest_route=%2Fwp%2Fv2%2Fmedia&parent=208"}],"curies":[{"name":"wp","href":"https:\/\/api.w.org\/{rel}","templated":true}]}}