{"id":203,"date":"2018-04-18T02:35:16","date_gmt":"2018-04-18T02:35:16","guid":{"rendered":"https:\/\/dahzthemes.com\/diacara\/?page_id=2072"},"modified":"2025-10-28T22:00:51","modified_gmt":"2025-10-28T22:00:51","slug":"valeria-monteverde","status":"publish","type":"page","link":"https:\/\/marcusdickey.com\/?page_id=203","title":{"rendered":"Valeria Monteverde"},"content":{"rendered":"<div class=\"wpb-content-wrapper\"><p>[vc_row row_stretch=&#8221;uk-container-expand uk-padding-remove-horizontal&#8221; row_bottom_shape_divider=&#8221;&#8221; dahz_id=&#8221;1761588487751-60f06acf-f0f5&#8243;][vc_column width=&#8221;2\/3&#8243; column_sticky_breakpoint=&#8221;@l&#8221; column_enable_sticky=&#8221;true&#8221;]<div data-dahz-shortcode-key=\"1523274412250-aaa968ab-884e\" style=\"\" class=\"de-shortcode__wrapper de-shortcode__wrapper--dahz_single_image uk-margin-uk-margin\">\r\n\t<a class=\"de-single-image__wrapper uk-flex uk-flex-center\">\r\n\t<div>\r\n\t\t<img loading=\"lazy\" decoding=\"async\" width=\"1200\" height=\"1253\" src=\"https:\/\/marcusdickey.com\/wp-content\/uploads\/2025\/10\/2-1.png\" class=\"   attachment-full\" alt=\"\" title=\"2\" srcset=\"https:\/\/marcusdickey.com\/wp-content\/uploads\/2025\/10\/2-1.png 1200w, https:\/\/marcusdickey.com\/wp-content\/uploads\/2025\/10\/2-1-287x300.png 287w, https:\/\/marcusdickey.com\/wp-content\/uploads\/2025\/10\/2-1-981x1024.png 981w, https:\/\/marcusdickey.com\/wp-content\/uploads\/2025\/10\/2-1-768x802.png 768w\" sizes=\"auto, (max-width: 1200px) 100vw, 1200px\" \/>\t<\/div>\r\n<\/a>\r\n<\/div>\r\n[\/vc_column][vc_column column_padding=&#8221;large&#8221; width=&#8221;1\/3&#8243; css=&#8221;.vc_custom_1523363594706{padding-top: 60px !important;}&#8221;][vc_custom_heading text=&#8221;Valeria Monteverde&#8221; font_container=&#8221;tag:h1|font_size:46px|text_align:left|line_height:1.25&#8243; use_theme_fonts=&#8221;yes&#8221; margin=&#8221;uk-margin-remove&#8221; dahz_id=&#8221;1761588487797-a2cf286f-46d2&#8243;][vc_custom_heading text=&#8221;Abogada en Derecho Internacional y Delitos Financieros&#8221; font_container=&#8221;tag:h4|font_size:25px|text_align:left|line_height:1.25&#8243; use_theme_fonts=&#8221;yes&#8221; dahz_id=&#8221;1761588544271-81fb5f53-3182&#8243;][vc_custom_heading text=&#8221;Compromiso, empat\u00eda y excelencia en la defensa legal internacional.&#8221; font_container=&#8221;tag:h4|font_size:25px|text_align:left|color:%23c1c1c1|line_height:1.25&#8243; use_theme_fonts=&#8221;yes&#8221; dahz_id=&#8221;1761588487814-0dbf7cc7-e88e&#8221;][vc_column_text]<\/p>\n<p data-start=\"517\" data-end=\"963\">Valeria Monteverde es una abogada con amplia experiencia en derecho financiero, comercial y digital.<br data-start=\"617\" data-end=\"620\" \/>A lo largo de su carrera, se ha destacado por su capacidad para abordar casos de fraude internacional con una visi\u00f3n estrat\u00e9gica, humana y orientada a resultados.<br data-start=\"782\" data-end=\"785\" \/>Su compromiso con la justicia digital la ha llevado a convertirse en una de las profesionales m\u00e1s respetadas en la defensa de v\u00edctimas de estafas y delitos econ\u00f3micos en l\u00ednea.<\/p>\n<p data-start=\"965\" data-end=\"1368\">Desde sus inicios, Valeria ha trabajado en el an\u00e1lisis de operaciones financieras transfronterizas, investigaci\u00f3n de estafas digitales y recuperaci\u00f3n de fondos para clientes afectados por plataformas de inversi\u00f3n fraudulentas.<br data-start=\"1191\" data-end=\"1194\" \/>Su enfoque combina el conocimiento jur\u00eddico con un alto sentido de responsabilidad social, asegurando siempre que cada cliente sea escuchado y acompa\u00f1ado con transparencia.<\/p>\n<p data-start=\"1370\" data-end=\"1778\">Con una mentalidad proactiva y un liderazgo natural, Valeria se integr\u00f3 al equipo internacional de abogados para fortalecer la estructura legal y ampliar la cobertura en casos de delitos financieros y cibern\u00e9ticos, tanto en Europa como en Am\u00e9rica Latina.<br data-start=\"1624\" data-end=\"1627\" \/>Su labor ha sido fundamental en el desarrollo de procesos digitales seguros y en la creaci\u00f3n de estrategias legales personalizadas para cada situaci\u00f3n.<\/p>\n<p>[\/vc_column_text]<div data-dahz-shortcode-key=\"1523273629463-592dd16d-75da\" style=\"\" class=\"de-shortcode__wrapper de-shortcode__wrapper--dahz_single_image uk-margin-uk-margin-remove uk-margin-remove-top\">\r\n\t<a class=\"de-single-image__wrapper uk-flex uk-flex-left\">\r\n\t<div>\r\n\t\t<img decoding=\"async\" class=\"   \" src=\"https:\/\/marcusdickey.com\/wp-content\/uploads\/2025\/10\/Recurso-1-305x98.png\" width=\"305\" height=\"98\" alt=\"Recurso 1\" title=\"Recurso 1\" loading=\"lazy\" \/>\t<\/div>\r\n<\/a>\r\n<\/div>\r\n[vc_custom_heading text=&#8221;Educaci\u00f3n y Admisi\u00f3n Judicial&#8221; font_container=&#8221;tag:h4|font_size:25px|text_align:left|line_height:1.25&#8243; use_theme_fonts=&#8221;yes&#8221; dahz_id=&#8221;1761588487839-2fb9d39b-4c5b&#8221;][vc_column_text]<\/p>\n<p data-start=\"1824\" data-end=\"2193\">Valeria es graduada en Derecho por la <strong data-start=\"1862\" data-end=\"1893\">Universidad de Buenos Aires<\/strong>, donde se especializ\u00f3 en Derecho Internacional Privado.<br data-start=\"1949\" data-end=\"1952\" \/>Posteriormente curs\u00f3 un posgrado en <strong data-start=\"1988\" data-end=\"2031\">Derecho Financiero y Compliance Digital<\/strong> en la Universidad Aut\u00f3noma de Madrid, ampliando su conocimiento en legislaci\u00f3n europea y normativas internacionales sobre ciberseguridad y delitos financieros.<\/p>\n<p data-start=\"2195\" data-end=\"2551\">Est\u00e1 certificada en <strong data-start=\"2215\" data-end=\"2272\">Gesti\u00f3n de Riesgos y Cumplimiento Legal Internacional<\/strong>, lo que le permite actuar como enlace entre jurisdicciones y facilitar procesos de representaci\u00f3n transnacional.<br data-start=\"2385\" data-end=\"2388\" \/>Su s\u00f3lida formaci\u00f3n acad\u00e9mica se complementa con una profunda vocaci\u00f3n de servicio, enfocada en la defensa de los derechos digitales y financieros de sus clientes.<\/p>\n<p>[\/vc_column_text][vc_custom_heading text=&#8221;Liderazgo, Membres\u00edas y Reconocimientos&#8221; font_container=&#8221;tag:h4|font_size:25px|text_align:left|line_height:1.25&#8243; use_theme_fonts=&#8221;yes&#8221; dahz_id=&#8221;1761588487857-850b57e5-08f6&#8243;][vc_column_text]<\/p>\n<p data-start=\"2607\" data-end=\"3070\">A lo largo de su trayectoria, Valeria ha participado en proyectos internacionales orientados a la educaci\u00f3n financiera, la prevenci\u00f3n del fraude digital y el fortalecimiento de la confianza en entornos tecnol\u00f3gicos.<br data-start=\"2822\" data-end=\"2825\" \/>Es miembro de diversas asociaciones legales dedicadas al derecho financiero y cibern\u00e9tico, y ha sido reconocida por su contribuci\u00f3n al desarrollo de modelos de atenci\u00f3n legal digital y por su capacidad para liderar equipos multidisciplinarios.<\/p>\n<p data-start=\"3072\" data-end=\"3376\">Su enfoque \u00e9tico, su sensibilidad hacia las v\u00edctimas y su determinaci\u00f3n para lograr resultados efectivos la han convertido en una pieza clave dentro del equipo legal internacional.<br data-start=\"3252\" data-end=\"3255\" \/>Valeria representa la combinaci\u00f3n perfecta entre profesionalismo, empat\u00eda y visi\u00f3n moderna del derecho en la era digital.<\/p>\n<p>[\/vc_column_text][vc_custom_heading text=&#8221;Habilidades Profesionales&#8221; font_container=&#8221;tag:h4|font_size:25px|text_align:left|line_height:1.25&#8243; use_theme_fonts=&#8221;yes&#8221; dahz_id=&#8221;1761588487887-dc1676aa-f4d0&#8243;][vc_progress_bar values=&#8221;%5B%7B%22label%22%3A%22Derecho%20Financiero%20Internacional%22%2C%22value%22%3A%2295%22%2C%22bar_color%22%3A%22%23977a3e%22%2C%22background_color%22%3A%22%23e1e1e1%22%7D%2C%7B%22label%22%3A%22Prevenci%C3%B3n%20y%20Gesti%C3%B3n%20de%20Fraudes%20Digitales%22%2C%22value%22%3A%2290%22%2C%22bar_color%22%3A%22%23977a3e%22%2C%22background_color%22%3A%22%23e1e1e1%22%7D%2C%7B%22label%22%3A%22Derecho%20Corporativo%20y%20Compliance%20Digital%22%2C%22value%22%3A%2280%22%2C%22bar_color%22%3A%22%23977a3e%22%2C%22background_color%22%3A%22%23e1e1e1%22%7D%2C%7B%22label%22%3A%22Recuperaci%C3%B3n%20de%20Activos%20Internacionales%22%2C%22value%22%3A%2288%22%2C%22bar_color%22%3A%22%23977a3e%22%2C%22background_color%22%3A%22%23e1e1e1%22%7D%5D&#8221; border_radius=&#8221;1&#8243;][vc_empty_space][\/vc_column][\/vc_row]<\/p>\n<\/div>","protected":false},"excerpt":{"rendered":"<p>[vc_row row_stretch=&#8221;uk-container-expand uk-padding-remove-horizontal&#8221; row_bottom_shape_divider=&#8221;&#8221; dahz_id=&#8221;1761588487751-60f06acf-f0f5&#8243;][vc_column width=&#8221;2\/3&#8243; column_sticky_breakpoint=&#8221;@l&#8221; column_enable_sticky=&#8221;true&#8221;][\/vc_column][vc_column column_padding=&#8221;large&#8221; width=&#8221;1\/3&#8243; css=&#8221;.vc_custom_1523363594706{padding-top: 60px !important;}&#8221;][vc_custom_heading text=&#8221;Valeria Monteverde&#8221; font_container=&#8221;tag:h1|font_size:46px|text_align:left|line_height:1.25&#8243; use_theme_fonts=&#8221;yes&#8221; margin=&#8221;uk-margin-remove&#8221; dahz_id=&#8221;1761588487797-a2cf286f-46d2&#8243;][vc_custom_heading text=&#8221;Abogada en Derecho Internacional y Delitos Financieros&#8221; font_container=&#8221;tag:h4|font_size:25px|text_align:left|line_height:1.25&#8243; use_theme_fonts=&#8221;yes&#8221; dahz_id=&#8221;1761588544271-81fb5f53-3182&#8243;][vc_custom_heading text=&#8221;Compromiso, empat\u00eda y excelencia en la defensa legal internacional.&#8221; font_container=&#8221;tag:h4|font_size:25px|text_align:left|color:%23c1c1c1|line_height:1.25&#8243; use_theme_fonts=&#8221;yes&#8221; dahz_id=&#8221;1761588487814-0dbf7cc7-e88e&#8221;][vc_column_text] Valeria Monteverde es una abogada con amplia experiencia en derecho financiero, comercial y digital.A<\/p>\n","protected":false},"author":1,"featured_media":0,"parent":211,"menu_order":0,"comment_status":"closed","ping_status":"closed","template":"","meta":{"footnotes":""},"class_list":["post-203","page","type-page","status-publish","hentry"],"_hostinger_reach_plugin_has_subscription_block":false,"_hostinger_reach_plugin_is_elementor":false,"_links":{"self":[{"href":"https:\/\/marcusdickey.com\/index.php?rest_route=\/wp\/v2\/pages\/203","targetHints":{"allow":["GET"]}}],"collection":[{"href":"https:\/\/marcusdickey.com\/index.php?rest_route=\/wp\/v2\/pages"}],"about":[{"href":"https:\/\/marcusdickey.com\/index.php?rest_route=\/wp\/v2\/types\/page"}],"author":[{"embeddable":true,"href":"https:\/\/marcusdickey.com\/index.php?rest_route=\/wp\/v2\/users\/1"}],"replies":[{"embeddable":true,"href":"https:\/\/marcusdickey.com\/index.php?rest_route=%2Fwp%2Fv2%2Fcomments&post=203"}],"version-history":[{"count":10,"href":"https:\/\/marcusdickey.com\/index.php?rest_route=\/wp\/v2\/pages\/203\/revisions"}],"predecessor-version":[{"id":882,"href":"https:\/\/marcusdickey.com\/index.php?rest_route=\/wp\/v2\/pages\/203\/revisions\/882"}],"up":[{"embeddable":true,"href":"https:\/\/marcusdickey.com\/index.php?rest_route=\/wp\/v2\/pages\/211"}],"wp:attachment":[{"href":"https:\/\/marcusdickey.com\/index.php?rest_route=%2Fwp%2Fv2%2Fmedia&parent=203"}],"curies":[{"name":"wp","href":"https:\/\/api.w.org\/{rel}","templated":true}]}}